{"id":129,"date":"2011-09-27T21:20:13","date_gmt":"2011-09-27T21:20:13","guid":{"rendered":"http:\/\/www.palmacentro.com\/blog\/?page_id=129"},"modified":"2012-02-15T16:46:26","modified_gmt":"2012-02-15T16:46:26","slug":"estancos","status":"publish","type":"page","link":"http:\/\/www.palmacentro.com\/blog\/directorio\/estancos\/","title":{"rendered":"Estancos"},"content":{"rendered":"\n<!-- Speed Sense for AdSense WordPress Plugin: https:\/\/wordpress.org\/plugins\/speed-sense\/ -->\n<div id=\"ssp0\" style=\"float:none;margin:10px 0 10px 0;text-align:center;max-width:728px;width:100%;\">\n<ins class=\"adsbygoogle\" id=\"adsgoogle0\" style=\"display: inline-block; width: 100%; height: 90px\"  data-ad-client=\"ca-pub-8118652243852059\" data-ad-slot=\"7814439714\"><\/ins><script>(adsbygoogle = window.adsbygoogle || []).push({});<\/script>\n<\/div>\n<p align=\"center\"><span style=\"font-family: Verdana,Arial,Helvetica,sans-serif; font-size: small;\"><strong><a href=\"https:\/\/i0.wp.com\/www.palmacentro.com\/blog\/wp-content\/uploads\/2011\/09\/estancos.jpg\"><img data-recalc-dims=\"1\" loading=\"lazy\" decoding=\"async\" data-attachment-id=\"152\" data-permalink=\"http:\/\/www.palmacentro.com\/blog\/directorio\/estancos\/estancos-2\/\" data-orig-file=\"https:\/\/i0.wp.com\/www.palmacentro.com\/blog\/wp-content\/uploads\/2011\/09\/estancos.jpg?fit=700%2C250\" data-orig-size=\"700,250\" data-comments-opened=\"1\" data-image-meta=\"{&quot;aperture&quot;:&quot;0&quot;,&quot;credit&quot;:&quot;&quot;,&quot;camera&quot;:&quot;&quot;,&quot;caption&quot;:&quot;&quot;,&quot;created_timestamp&quot;:&quot;0&quot;,&quot;copyright&quot;:&quot;&quot;,&quot;focal_length&quot;:&quot;0&quot;,&quot;iso&quot;:&quot;0&quot;,&quot;shutter_speed&quot;:&quot;0&quot;,&quot;title&quot;:&quot;&quot;}\" data-image-title=\"estancos\" data-image-description=\"\" data-image-caption=\"\" data-large-file=\"https:\/\/i0.wp.com\/www.palmacentro.com\/blog\/wp-content\/uploads\/2011\/09\/estancos.jpg?fit=700%2C250\" class=\"aligncenter size-full wp-image-152\" title=\"estancos\" src=\"https:\/\/i0.wp.com\/www.palmacentro.com\/blog\/wp-content\/uploads\/2011\/09\/estancos.jpg?resize=700%2C250\" alt=\"\" width=\"700\" height=\"250\" srcset=\"https:\/\/i0.wp.com\/www.palmacentro.com\/blog\/wp-content\/uploads\/2011\/09\/estancos.jpg?w=700 700w, https:\/\/i0.wp.com\/www.palmacentro.com\/blog\/wp-content\/uploads\/2011\/09\/estancos.jpg?resize=300%2C107 300w, https:\/\/i0.wp.com\/www.palmacentro.com\/blog\/wp-content\/uploads\/2011\/09\/estancos.jpg?resize=500%2C178 500w\" sizes=\"auto, (max-width: 700px) 100vw, 700px\" \/><\/a><\/p>\n<p><\/strong><\/span><\/p>\n<p align=\"left\"><strong> Acu\u00f1a Bennasar, J. <\/strong><br \/>\nTel: 971 79 06 35 C\/ Concha Espina, 2 (Son Serra-La Vileta) 07011 Palma de Mallorca (Baleares)<\/p>\n<p align=\"left\"><strong> Alemany Soc\u00edas <\/strong><br \/>\nTel: 971 45 07 54 C\/ Bartomeu Rossell\u00f3-Porcel, 13 (Son Armadans) 07014 Palma de Mallorca (Baleares)<\/p>\n<p align=\"left\"><strong> Alonso Zahonero, I. <\/strong><br \/>\nTel: 971 26 68 99 Ctra. Arenal, 48 (L\u00b4Arenal) 07600 Palma de Mallorca (Baleares)<\/p>\n<p align=\"left\"><strong> Bergas Garau, M. <\/strong><br \/>\nTel: 971 71 32 24 Av. Jaume III, 26 (Jaume Iii) 07012 Palma de Mallorca (Baleares)<\/p>\n<p align=\"left\"><strong> Bonnin Bonnin, C. <\/strong><br \/>\nTel: 971 40 08 25 Av. Joan Mir\u00f3, 334 (Sant Agusti) 07015 Palma de Mallorca (Baleares)<\/p>\n<p align=\"left\"><strong> Boscana Pons, J. <\/strong><br \/>\nTel: 971 26 54 16 C\/ Am\u00edlcar, 12 (L\u00b4Arenal) 07600 Palma de Mallorca (Baleares)<\/p>\n<p align=\"left\"><strong> Caimari Serra, J. <\/strong><br \/>\nTel: 971 45 51 84 C\/ Marqu\u00e9s S\u00e9nia, 8 (Son Armadans) 07014 Palma de Mallorca (Baleares)<\/p>\n<p align=\"left\"><strong> Ca\u00f1ellas Ignacio, J. <\/strong><br \/>\nTel: 971 79 28 03 C\u00ed. Son Rapinya, 83 (Son Rapinya) 07013 Palma de Mallorca (Baleares)<\/p>\n<p align=\"left\"><strong> Coll Parpal, C. <\/strong><br \/>\nTel: 971 45 55 96 C\/ Son Dameto, 4 (Son Dameto) 07013 Palma de Mallorca (Baleares)<\/p>\n<p align=\"left\"><strong> D\u00edaz Rossello, B. <\/strong><br \/>\nTel: 971 28 94 64 Pl. San Cosme, 4 (Son Cotoner) 07011 Palma de Mallorca (Baleares)<\/p>\n<p align=\"left\"><strong> Estanc Exp. 91 <\/strong><br \/>\nTel: 971 77 50 66 C\/ Capit\u00e1n Cort\u00e9s, 1 (Foners) 07006 Palma de Mallorca (Baleares)<\/p>\n<p align=\"left\"><strong> Estanc 88 <\/strong><br \/>\nTel: 971 27 69 22 C\/ Benet Pons i F\u00e0bregues, 25 (Pere Garau) 07007 Palma de Mallorca (Baleares)<\/p>\n<p align=\"left\"><strong> Estanc 78 <\/strong><br \/>\nTel: 971 42 79 93 Av. Cid, 84 (Son Ferriol) 07198 Palma de Mallorca (Baleares)<\/p>\n<p align=\"left\"><strong> Estanco Cala Estancia <\/strong><br \/>\nTel: 971 26 08 60 C\/ Nanses, 1 (Can Pastilla) 07610 Palma de Mallorca (Baleares)<\/p>\n<p align=\"left\"><strong> Estanco c&#8217;An Comas <\/strong><br \/>\nTel: 971 47 49 50 C\/ Arag\u00f3, 230 (Rafal Vell) 07008 Palma de Mallorca (Baleares)<\/p>\n<p align=\"left\"><strong> Estanco Homar <\/strong><br \/>\nTel: 971 71 67 68 C\/ Sindicat, 25 (El Sindicat) 07002 Palma de Mallorca (Baleares)<\/p>\n<p align=\"left\"><strong> Estanco Honderos <\/strong><br \/>\nTel: 971 46 84 80 C\/ Foners, 45 (Foners) 07006 Palma de Mallorca (Baleares)<\/p>\n<p align=\"left\"><strong> Estanco N\u00ba 19 <\/strong><br \/>\nTel: 971 73 08 53 C\/ Comte de Barcelona, 14 (Camp d\u00b4en Serralta) 07011 Palma de Mallorca (Baleares)<\/p>\n<p align=\"left\"><strong> Estanco N\u00ba 7 <\/strong><br \/>\nTel: 971 46 06 64 Av. Alexandre Rossell\u00f3, 18 (Marques de Fontsanta) 07002 Palma de Mallorca (Baleares)<\/p>\n<p align=\"left\"><strong> Estanco N\u00ba 33 <\/strong><br \/>\nTel: 971 27 97 72 C\/ Gabriel Llabr\u00e9s, 4 (Pere Garau) 07007 Palma de Mallorca (Baleares)<\/p>\n<p align=\"left\"><strong> Estanco 83 Gallegos \u00c1lvarez <\/strong><br \/>\nTel: 971 47 34 44 C\/ Arag\u00f3, 292 (El Vivero) 07008 Palma de Mallorca (Baleares)<\/p>\n<p align=\"left\"><strong> Estanco Palma 4 <\/strong><br \/>\nTel: 971 72 00 78 Av. Gabriel Alomar, 8 (El Sindicat) 07002 Palma de Mallorca (Baleares)<\/p>\n<p align=\"left\"><strong> Estanco Plaza Alexander Fleming <\/strong><br \/>\nTel: 971 75 42 91 Pl. Alexander Fl\u00e9ming, 14 (Arxiduc) 07004 Palma de Mallorca (Baleares)<\/p>\n<p align=\"left\"><strong> Estanco San Miguel N\u00ba 14 <\/strong><br \/>\nTel: 971 71 77 58 C\/ Sant Miquel, 38 (El Mercat) 07002 Palma de Mallorca (Baleares)<\/p>\n<p align=\"left\"><strong> Estanco 64 <\/strong><br \/>\nTel: 971 27 24 63 C\/ Arquebisbe Aspareg, 34 (Pere Garau) 07007 Palma de Mallorca (Baleares)<\/p>\n<p align=\"left\"><strong> Estanco Sometines <\/strong><br \/>\nTel: 971 26 18 15 Ctra. Arenal, 8 (Les Meravelles) 07610 Palma de Mallorca (Baleares)<\/p>\n<p align=\"left\"><strong> Estanco Son Castell\u00f3 <\/strong><br \/>\nTel: 971 76 00 11 C\/ Setze de Juliol, 32 (La Indioteria) 07009 Palma de Mallorca (Baleares)<\/p>\n<p align=\"left\"><strong> Expendedur\u00eda 110 <\/strong><br \/>\nTel: 971 71 14 62 C\/ Pere Dezcallar Net, 8 (Placa dels Patins) 07003 Palma de Mallorca (Baleares)<\/p>\n<p align=\"left\"><strong> Expendedur\u00eda 57 M\u00aa Luisa Sans <\/strong><br \/>\nTel: 971 40 39 74 Av. Joan Mir\u00f3, 312 (Sant Agusti) 07015 Palma de Mallorca (Baleares)<\/p>\n<p align=\"left\"><strong> Expendedur\u00eda 2 <\/strong><br \/>\nTel: 971 71 65 71 C\/ Jeroni Amengual, 2 (Camp Redo) 07010 Palma de Mallorca (Baleares)<\/p>\n<p align=\"left\"><strong> Expendedur\u00eda N\u00ba 51 <\/strong><br \/>\nTel: 971 75 74 51 C\/ General Riera, 87 (Camp Redo) 07010 Palma de Mallorca (Baleares)<\/p>\n<p align=\"left\"><strong> Expendedur\u00eda N\u00ba 45 <\/strong><br \/>\nTel: 971 26 74 65 Av. Bartomeu Riutort, 23 (Can Pastilla) 07610 Palma de Mallorca (Baleares)<\/p>\n<p align=\"left\"><strong> Expendedur\u00eda N\u00ba 92 <\/strong><br \/>\nTel: 971 75 05 99 C\/ Ram\u00f3n Muntaner, 37 (Bons Aires) 07003 Palma de Mallorca (Baleares)<\/p>\n<p align=\"left\"><strong> Expendedur\u00eda N\u00ba 8 <\/strong><br \/>\nTel: 971 47 66 31 C\/ Pere Ripoll Palou, 35 (Rafal Vell) 07008 Palma de Mallorca (Baleares)<\/p>\n<p align=\"left\"><strong> Expendedur\u00eda N\u00ba 70 <\/strong><br \/>\nTel: 971 27 83 23 C\/ Indalecio Prieto, 30 (Son Gotleu) 07008 Palma de Mallorca (Baleares)<\/p>\n<p align=\"left\"><strong> Expendedur\u00eda Num. 53 <\/strong><br \/>\nTel: 971 73 13 10 C\/ Rafael Rodr\u00edguez M\u00e9ndez, 12 (El Forti) 07011 Palma de Mallorca (Baleares)<\/p>\n<p align=\"left\"><strong> Expendedur\u00eda 34 <\/strong><br \/>\nTel: 971 46 19 01 Pl. Francesc Garc\u00eda i Orell, 16 (Pere Garau) 07006 Palma de Mallorca (Baleares)<\/p>\n<p align=\"left\"><strong> Expendedur\u00eda Victoria Berna <\/strong><br \/>\nTel: 971 25 08 47 C\/ Manacor, 88 (Poligon de Llevant) 07007 Palma de Mallorca (Baleares)<\/p>\n<p align=\"left\"><strong> Expendidur\u00eda 101 <\/strong><br \/>\nTel: 971 27 30 83 C\/ Faust Morell, 5 (Pere Garau) 07005 Palma de Mallorca (Baleares)<\/p>\n<p align=\"left\"><strong> Expendiduria 10 <\/strong><br \/>\nTel: 971 70 26 84 Av. Joan Mir\u00f3, 178 (Portopi) 07015 Palma de Mallorca (Baleares)<\/p>\n<p align=\"left\"><strong> Expendidur\u00eda N\u00ba 95 <\/strong><br \/>\nTel: 971 27 59 42 C\/ Metge Josep Darder, 22 (Pere Garau) 07008 Palma de Mallorca (Baleares)<\/p>\n<p align=\"left\"><strong> Expendidur\u00eda N\u00ba 3 <\/strong><br \/>\nTel: 971 71 67 22 Pg. Born, 20 (Sant Nicolau) 07012 Palma de Mallorca (Baleares)<\/p>\n<p align=\"left\"><strong> Expenduria N\u00ba 81 <\/strong><br \/>\nTel: 971 79 22 69 C\u00ed. La Vileta, 128 (Son Serra-La Vileta) 07011 Palma de Mallorca (Baleares)<\/p>\n<p align=\"left\"><strong> Expendur\u00eda Palma 1 <\/strong><br \/>\nTel: 971 29 79 99 C\u00ed. Vell de Bunyola, 116 (La Indioteria (Rural) 07009 Palma de Mallorca (Baleares)<\/p>\n<p align=\"left\"><strong> Flaquer Nebot, M. <\/strong><br \/>\nTel: 971 75 13 36 C\/ Blanquerna, 22 (Bons Aires) 07003 Palma de Mallorca (Baleares)<\/p>\n<p align=\"left\"><strong> Garcias Vich, M. <\/strong><br \/>\nTel: 971 72 23 98 Av. Jaume III, 12 (Jaume Iii) 07012 Palma de Mallorca (Baleares)<\/p>\n<p align=\"left\"><strong> Ginard Marqu\u00e9s, O. <\/strong><br \/>\nTel: 971 20 40 02 C\/ General Riera, 70 (Camp Redo) 07010 Palma de Mallorca (Baleares)<\/p>\n<p align=\"left\"><strong> Gomila Jaume, J. <\/strong><br \/>\nTel: 971 27 14 33 C\/ Nuno San\u00e7, 1 (Marques de Fontsanta) 07005 Palma de Mallorca (Baleares)<\/p>\n<p align=\"left\"><strong> Gomis Bauza, G. <\/strong><br \/>\nTel: 971 27 66 35 C\/ Francesc Pi i Margall, 11 (Pere Garau) 07007 Palma de Mallorca (Baleares)<\/p>\n<p align=\"left\"><strong> Gonz\u00e1lez Mart\u00ednez, E. <\/strong><br \/>\nTel: 971 20 87 49 Av. Tom\u00e1s de Villanueva Cort\u00e9s, 9 (Son Oliva) 07004 Palma de Mallorca (Baleares)<\/p>\n<p align=\"left\"><strong> Haro Mart\u00ednez, M.I. <\/strong><br \/>\nTel: 971 73 28 36 C\/ Pursiana, 4 (Santa Catalina) 07013 Palma de Mallorca (Baleares)<\/p>\n<p align=\"left\"><strong> Jaume Mascaro, M.J. <\/strong><br \/>\nTel: 971 29 92 67 C\/ Eusebi Estada, 93-B (Placa de Toros) 07004 Palma de Mallorca (Baleares)<\/p>\n<p align=\"left\"><strong> Juan Crespi, M.A. <\/strong><br \/>\nTel: 971 70 09 10 C\/ Barranc, 47 (Genova) 07015 Palma de Mallorca (Baleares)<\/p>\n<p align=\"left\"><strong> Manera Frontera, S. <\/strong><br \/>\nTel: 971 27 10 43 C\/ Arag\u00f3, 88 (Son Canals) 07008 Palma de Mallorca (Baleares)<\/p>\n<p align=\"left\"><strong> Margarita Rossell\u00f3 Exp. N\u00ba 90 <\/strong><br \/>\nTel: 971 26 15 53 Ctra. Militar, 283 (L\u00b4Arenal) 07600 Palma de Mallorca (Baleares)<\/p>\n<p align=\"left\"><strong> Mesquida Sureda, G. <\/strong><br \/>\nTel: 971 27 48 40 C\/ Sant Vicen\u00e7 Ferrer, 24 (La Soledat (Nord) 07008 Palma de Mallorca (Baleares)<\/p>\n<p align=\"left\"><strong> Moranta G\u00f3mez, F. <\/strong><br \/>\nTel: 971 79 06 73 C\/ Cap de les Salines, 15 (Son Ximelis) 07011 Palma de Mallorca (Baleares)<\/p>\n<p align=\"left\"><strong> Nadal Casasnovas, M.V. <\/strong><br \/>\nTel: 971 71 29 89 Pl. Santa Eulalia, 6 (Cort) 07001 Palma de Mallorca (Baleares)<\/p>\n<p align=\"left\"><strong> Oliver Bosch, J. <\/strong><br \/>\nTel: 971 71 74 89 Pl. Espanya, 7 (El Mercat) 07002 Palma de Mallorca (Baleares)<\/p>\n<p align=\"left\"><strong> Oliver Sureda, A. <\/strong><br \/>\nTel: 971 26 22 89 C\u00ed. Son Fangos, 272 (El Pil.Lari) 07608 Palma de Mallorca (Baleares)<\/p>\n<p align=\"left\"><strong> Palma 63 <\/strong><br \/>\nTel: 971 75 56 32 C\/ Santa Llu\u00efsa de Marilla\u00e7, 14 (Cas Capiscol) 07010 Palma de Mallorca (Baleares)<\/p>\n<p align=\"left\"><strong> Pico Buades, J.L. <\/strong><br \/>\nTel: 971 76 91 85 C\/ Coronel Beorlegui, 170 (Establiments) 07010 Palma de Mallorca (Baleares)<\/p>\n<p align=\"left\"><strong> Posse Romero, C. <\/strong><br \/>\nTel: 971 71 78 80 Av. Alemanya, 5 (Placa dels Patins) 07003 Palma de Mallorca (Baleares)<\/p>\n<p align=\"left\"><strong> Prats Ferrer, A. <\/strong><br \/>\nTel: 971 75 04 58 C\/ Francesc Sancho, 8 (Arxiduc) 07004 Palma de Mallorca (Baleares)<\/p>\n<p align=\"left\"><strong> Ramis Riera, A. <\/strong><br \/>\nTel: 971 28 97 06 C\/ Sant Mag\u00ed, 71 (El Jonquet) 07013 Palma de Mallorca (Baleares)<\/p>\n<p align=\"left\"><strong> Ripoll Estrades, M.C. <\/strong><br \/>\nTel: 971 72 20 14 Pl. Weyler, 4 (Sant Jaume) 07001 Palma de Mallorca (Baleares)<\/p>\n<p align=\"left\"><strong> Rosa Caballe <\/strong><br \/>\nTel: 971 79 20 00 C\/ Moss\u00e8n Antoni Matheu, 1 (Son Serra-La Vileta) 07013 Palma de Mallorca (Baleares)<\/p>\n<p align=\"left\"><strong> Salva Rigo, J. <\/strong><br \/>\nTel: 971 72 60 41 C\/ Argenteria, 6 (Cort) 07001 Palma de Mallorca (Baleares)<\/p>\n<p align=\"left\"><strong> Sastre Bosch, C.F. <\/strong><br \/>\nTel: 971 72 14 08 Pl. Bisbe Berenguer Palau, 14 (Placa dels Patins) 07003 Palma de Mallorca (Baleares)<\/p>\n<p align=\"left\"><strong> Suau Rossello, G. <\/strong><br \/>\nTel: 971 47 32 76 C\/ Greco, 1 (Mare de Deu de Lluc) 07009 Palma de Mallorca (Baleares)<\/p>\n<p align=\"left\"><strong> Trias Serra, J. <\/strong><br \/>\nTel: 971 47 04 15 C\/ Canonge Antoni Sancho, 13 (Son Cladera) 07009 Palma de Mallorca (Baleares)<\/p>\n<p align=\"left\"><strong> Trujillo Fern\u00e1ndez, C. <\/strong><br \/>\nTel: 971 28 57 42 C\/ Joan Crespi, 34 (Santa Catalina) 07014 Palma de Mallorca (Baleares)<\/p>\n<p align=\"left\"><strong> Vicens Vidal, F. <\/strong><br \/>\nTel: 971 73 35 54 C\/ Sant Mag\u00ed, 8 (Santa Catalina) 07013 Palma de Mallorca (Baleares)<\/p>\n<p align=\"left\"><strong> Villalonga de Cantos, C.M.P. <\/strong><br \/>\nTel: 971 71 72 90 Av. Antoni Maura, 8 (La Llotja-Born) 07012 Palma de Mallorca (Baleares)<\/p>\n","protected":false},"excerpt":{"rendered":"<p>Acu\u00f1a Bennasar, J. Tel: 971 79 06 35 C\/ Concha Espina, 2 (Son Serra-La Vileta) 07011 Palma de Mallorca (Baleares)[&#8230;]<\/p>\n","protected":false},"author":1,"featured_media":0,"parent":15,"menu_order":0,"comment_status":"open","ping_status":"closed","template":"showcase.php","meta":{"footnotes":""},"class_list":["post-129","page","type-page","status-publish","hentry"],"jetpack_sharing_enabled":true,"jetpack_shortlink":"https:\/\/wp.me\/P1SDLj-25","jetpack-related-posts":[{"id":131,"url":"http:\/\/www.palmacentro.com\/blog\/directorio\/moda\/","url_meta":{"origin":129,"position":0},"title":"Moda","author":"PalmaCentro","date":"27\/09\/2011","format":false,"excerpt":"\u00a0 ELCI BOUTIQUE - MODA COLOMBIANA - www.elciboutique.es Tel: 971 24 51 26 C\/ Manacor, 83 (Frente parque Wifi) 07007 Palma de Mallorca (Baleares) Acanto Ceremonia Tel: 971 72 89 66 C\/ Conquistador, 8 (Sant Nicolau) 07001 Palma de Mallorca (Baleares) Adagio Tel: 971 75 69 09 C\/ Jaume Balmes,\u2026","rel":"","context":"Entrada similar","block_context":{"text":"Entrada similar","link":""},"img":{"alt_text":"","src":"https:\/\/i0.wp.com\/www.palmacentro.com\/blog\/wp-content\/uploads\/2011\/09\/moda.jpg?resize=350%2C200","width":350,"height":200,"srcset":"https:\/\/i0.wp.com\/www.palmacentro.com\/blog\/wp-content\/uploads\/2011\/09\/moda.jpg?resize=350%2C200 1x, https:\/\/i0.wp.com\/www.palmacentro.com\/blog\/wp-content\/uploads\/2011\/09\/moda.jpg?resize=525%2C300 1.5x, https:\/\/i0.wp.com\/www.palmacentro.com\/blog\/wp-content\/uploads\/2011\/09\/moda.jpg?resize=700%2C400 2x"},"classes":[]},{"id":113,"url":"http:\/\/www.palmacentro.com\/blog\/directorio\/hoteles\/","url_meta":{"origin":129,"position":1},"title":"Hoteles","author":"PalmaCentro","date":"27\/09\/2011","format":false,"excerpt":"Abelay ** Tel: 971 75 60 34 C\/ Pablo Iglesias, 49 (Placa de Toros) 07004 Palma de Mallorca (Baleares) Abelux ** Tel: 971 75 08 40 C\/ Ram\u00f3n Muntaner, 30 (Bons Aires) 07003 Palma de Mallorca (Baleares) Ac Ciutat de Palma **** Tel: 971 22 23 00 Pl. Pont, 3\u2026","rel":"","context":"Entrada similar","block_context":{"text":"Entrada similar","link":""},"img":{"alt_text":"","src":"https:\/\/i0.wp.com\/www.palmacentro.com\/blog\/wp-content\/uploads\/2011\/09\/hoteles.jpg?resize=350%2C200","width":350,"height":200,"srcset":"https:\/\/i0.wp.com\/www.palmacentro.com\/blog\/wp-content\/uploads\/2011\/09\/hoteles.jpg?resize=350%2C200 1x, https:\/\/i0.wp.com\/www.palmacentro.com\/blog\/wp-content\/uploads\/2011\/09\/hoteles.jpg?resize=525%2C300 1.5x, https:\/\/i0.wp.com\/www.palmacentro.com\/blog\/wp-content\/uploads\/2011\/09\/hoteles.jpg?resize=700%2C400 2x"},"classes":[]},{"id":122,"url":"http:\/\/www.palmacentro.com\/blog\/directorio\/veterinarios\/","url_meta":{"origin":129,"position":2},"title":"Veterinarios","author":"PalmaCentro","date":"27\/09\/2011","format":false,"excerpt":"Aguilo Bonnin, J. Tel: 971 71 25 50 C\/ Santa Magdalena, 1 (Sant Jaume) 07003 Palma de Mallorca (Baleares) Aguilo Cl\u00ednica Veterinaria Tel: 971 70 16 16 Av. Joan Mir\u00f3, 266 (Cala Major) 07015 Palma de Mallorca (Baleares) Amanecer Cl\u00ednica Veterinaria Tel: 971 75 93 72 C\/ San Francisco de\u2026","rel":"","context":"Entrada similar","block_context":{"text":"Entrada similar","link":""},"img":{"alt_text":"","src":"https:\/\/i0.wp.com\/www.palmacentro.com\/blog\/wp-content\/uploads\/2011\/09\/veterinarios.jpg?resize=350%2C200","width":350,"height":200,"srcset":"https:\/\/i0.wp.com\/www.palmacentro.com\/blog\/wp-content\/uploads\/2011\/09\/veterinarios.jpg?resize=350%2C200 1x, https:\/\/i0.wp.com\/www.palmacentro.com\/blog\/wp-content\/uploads\/2011\/09\/veterinarios.jpg?resize=525%2C300 1.5x, https:\/\/i0.wp.com\/www.palmacentro.com\/blog\/wp-content\/uploads\/2011\/09\/veterinarios.jpg?resize=700%2C400 2x"},"classes":[]},{"id":117,"url":"http:\/\/www.palmacentro.com\/blog\/directorio\/peluquerias\/","url_meta":{"origin":129,"position":3},"title":"Peluquer\u00edas y Est\u00e9ticas","author":"PalmaCentro","date":"27\/09\/2011","format":false,"excerpt":"\u00a0 Alfredo Ubiedo, S.L. Tel: 971 76 12 12 C\/ Trenta-un de Desembre, 36 (Arxiduc) 07004 Palma de Mallorca (Baleares) Ana Canovas Tel: 971 45 29 67 C\/ Francesc Mart\u00ed i Mora, 80 (Son Cotoner) 07011Palma de Mallorca (Baleares) Botons Tel: 971 42 50 39 C\/ Botons, 18 A (Pla\u00e7a\u2026","rel":"","context":"Entrada similar","block_context":{"text":"Entrada similar","link":""},"img":{"alt_text":"","src":"https:\/\/i0.wp.com\/www.palmacentro.com\/blog\/wp-content\/uploads\/2011\/09\/peluquerias.jpg?resize=350%2C200","width":350,"height":200,"srcset":"https:\/\/i0.wp.com\/www.palmacentro.com\/blog\/wp-content\/uploads\/2011\/09\/peluquerias.jpg?resize=350%2C200 1x, https:\/\/i0.wp.com\/www.palmacentro.com\/blog\/wp-content\/uploads\/2011\/09\/peluquerias.jpg?resize=525%2C300 1.5x, https:\/\/i0.wp.com\/www.palmacentro.com\/blog\/wp-content\/uploads\/2011\/09\/peluquerias.jpg?resize=700%2C400 2x"},"classes":[]},{"id":99,"url":"http:\/\/www.palmacentro.com\/blog\/directorio\/restaurantes\/","url_meta":{"origin":129,"position":4},"title":"Restaurantes","author":"PalmaCentro","date":"27\/09\/2011","format":false,"excerpt":"\u00a0 El Patio Salao Tel: 971 24 07 10 C\/ Capit\u00e1n Ramonell Boix, 168 (El Molinar) 07007 Palma de Mallorca (Baleares) Es Coc\u00f3 Tel: 971 75 28 62\u00a0 C\/ Francesc de Sales, 18\u00a0 (L'Olivera) 07004 Palma de Mallorca (Baleares) Bosfor Tel: 663 05 66 45 07010 Palma de Mallorca (Baleares)\u2026","rel":"","context":"Entrada similar","block_context":{"text":"Entrada similar","link":""},"img":{"alt_text":"","src":"https:\/\/i0.wp.com\/www.palmacentro.com\/blog\/wp-content\/uploads\/2011\/09\/restaurantes.jpg?resize=350%2C200","width":350,"height":200,"srcset":"https:\/\/i0.wp.com\/www.palmacentro.com\/blog\/wp-content\/uploads\/2011\/09\/restaurantes.jpg?resize=350%2C200 1x, https:\/\/i0.wp.com\/www.palmacentro.com\/blog\/wp-content\/uploads\/2011\/09\/restaurantes.jpg?resize=525%2C300 1.5x, https:\/\/i0.wp.com\/www.palmacentro.com\/blog\/wp-content\/uploads\/2011\/09\/restaurantes.jpg?resize=700%2C400 2x"},"classes":[]},{"id":110,"url":"http:\/\/www.palmacentro.com\/blog\/directorio\/bricolaje-y-decoracion\/","url_meta":{"origin":129,"position":5},"title":"Bricolaje y Decoraci\u00f3n","author":"PalmaCentro","date":"27\/09\/2011","format":false,"excerpt":"\u00a0 Pinturas Trebol - www.pinturastrebol.com Tel: 971 42 14 19 C\/ Luca de Tena, 24 (Pedro Garau) - 07005 Palma de Mallorca (Baleares) \u00a0 \u00a0 SuberTRES Baleares - www.suber3baleares.es Tel: 971 91 75 95\u00a0- 639 57 03 92 C\/ Sant Joaquim, 5 bajos\u00a0 Local A - 07003 - Palma de\u2026","rel":"","context":"Entrada similar","block_context":{"text":"Entrada similar","link":""},"img":{"alt_text":"","src":"https:\/\/i0.wp.com\/www.palmacentro.com\/blog\/wp-content\/uploads\/2011\/09\/bricolaje_decoracion.jpg?resize=350%2C200","width":350,"height":200,"srcset":"https:\/\/i0.wp.com\/www.palmacentro.com\/blog\/wp-content\/uploads\/2011\/09\/bricolaje_decoracion.jpg?resize=350%2C200 1x, https:\/\/i0.wp.com\/www.palmacentro.com\/blog\/wp-content\/uploads\/2011\/09\/bricolaje_decoracion.jpg?resize=525%2C300 1.5x, https:\/\/i0.wp.com\/www.palmacentro.com\/blog\/wp-content\/uploads\/2011\/09\/bricolaje_decoracion.jpg?resize=700%2C400 2x"},"classes":[]}],"_links":{"self":[{"href":"http:\/\/www.palmacentro.com\/blog\/wp-json\/wp\/v2\/pages\/129","targetHints":{"allow":["GET"]}}],"collection":[{"href":"http:\/\/www.palmacentro.com\/blog\/wp-json\/wp\/v2\/pages"}],"about":[{"href":"http:\/\/www.palmacentro.com\/blog\/wp-json\/wp\/v2\/types\/page"}],"author":[{"embeddable":true,"href":"http:\/\/www.palmacentro.com\/blog\/wp-json\/wp\/v2\/users\/1"}],"replies":[{"embeddable":true,"href":"http:\/\/www.palmacentro.com\/blog\/wp-json\/wp\/v2\/comments?post=129"}],"version-history":[{"count":3,"href":"http:\/\/www.palmacentro.com\/blog\/wp-json\/wp\/v2\/pages\/129\/revisions"}],"predecessor-version":[{"id":1396,"href":"http:\/\/www.palmacentro.com\/blog\/wp-json\/wp\/v2\/pages\/129\/revisions\/1396"}],"up":[{"embeddable":true,"href":"http:\/\/www.palmacentro.com\/blog\/wp-json\/wp\/v2\/pages\/15"}],"wp:attachment":[{"href":"http:\/\/www.palmacentro.com\/blog\/wp-json\/wp\/v2\/media?parent=129"}],"curies":[{"name":"wp","href":"https:\/\/api.w.org\/{rel}","templated":true}]}}