{"id":8144,"date":"2013-12-08T22:46:44","date_gmt":"2013-12-08T20:46:44","guid":{"rendered":"http:\/\/www.palmacentro.com\/blog\/?page_id=8144"},"modified":"2017-07-14T16:34:36","modified_gmt":"2017-07-14T14:34:36","slug":"noviembre","status":"publish","type":"page","link":"https:\/\/www.palmacentro.com\/blog\/ferias-y-fiestas\/noviembre\/","title":{"rendered":"Noviembre"},"content":{"rendered":"<table style=\"height: 403px;\" border=\"1\" width=\"815\" cellspacing=\"0\" cellpadding=\"0\">\n<tbody>\n<tr>\n<td valign=\"top\" width=\"92\"><b>Fecha<\/b><\/td>\n<td valign=\"top\" width=\"95\"><b>Lugar<\/b><\/td>\n<td valign=\"top\" width=\"389\"><b>Evento<\/b><\/td>\n<\/tr>\n<tr>\n<td valign=\"top\" width=\"92\">Del 3 al 5<\/td>\n<td valign=\"top\" width=\"95\">Palma<\/td>\n<td valign=\"top\" width=\"389\">NUPCIAL<\/td>\n<\/tr>\n<tr>\n<td valign=\"top\" width=\"92\">5<\/td>\n<td valign=\"top\" width=\"95\">Inca<\/td>\n<td valign=\"top\" width=\"389\">TERCERA FERIA (Feria del arte)<\/td>\n<\/tr>\n<tr>\n<td valign=\"top\" width=\"92\">5<\/td>\n<td valign=\"top\" width=\"95\">Sant Mar\u00e7al<\/td>\n<td valign=\"top\" width=\"389\">FIRA DE TARDOR<\/td>\n<\/tr>\n<tr>\n<td valign=\"top\" width=\"92\">11 y 12<\/td>\n<td valign=\"top\" width=\"95\">Pollen\u00e7a<\/td>\n<td valign=\"top\" width=\"389\">FIRA D\u2019ARTESANIA<\/td>\n<\/tr>\n<tr>\n<td valign=\"top\" width=\"92\">11 y 12<\/td>\n<td valign=\"top\" width=\"95\">Muro<\/td>\n<td valign=\"top\" width=\"389\">FIRA DE TARDOR \u2014 FIRA DE SA CARABASSA<\/td>\n<\/tr>\n<tr>\n<td valign=\"top\" width=\"92\">16<\/td>\n<td valign=\"top\" width=\"95\">Inca<\/td>\n<td valign=\"top\" width=\"389\">DIJOUS BO<\/td>\n<\/tr>\n<tr>\n<td valign=\"top\" width=\"92\">18 y 19<\/td>\n<td valign=\"top\" width=\"95\">Caimari<\/td>\n<td valign=\"top\" width=\"389\">FIRA DE S\u2019OLIVA<\/td>\n<\/tr>\n<tr>\n<td valign=\"top\" width=\"92\">19<\/td>\n<td valign=\"top\" width=\"95\">Llub\u00ed<\/td>\n<td valign=\"top\" width=\"389\">FIRA DE LA MEL<\/td>\n<\/tr>\n<tr>\n<td valign=\"top\" width=\"92\">25 y 26<\/td>\n<td valign=\"top\" width=\"95\">Sa Pobla<\/td>\n<td valign=\"top\" width=\"389\">FIRA DE L\u2019ARR\u00d2S POBLER<\/td>\n<\/tr>\n<tr>\n<td valign=\"top\" width=\"92\">26<\/td>\n<td valign=\"top\" width=\"95\">Santa Maria del Cam\u00ed<\/td>\n<td valign=\"top\" width=\"389\">FESTA DEL VI NOVELL<\/td>\n<\/tr>\n<tr>\n<td valign=\"top\" width=\"92\">26<\/td>\n<td valign=\"top\" width=\"95\">ancor de la Vall<\/td>\n<td valign=\"top\" width=\"389\">FIRA DE L\u2019ESCLATA-SANG I DE LA MUNTANYA<\/td>\n<\/tr>\n<tr>\n<td valign=\"top\" width=\"92\">28<\/td>\n<td valign=\"top\" width=\"95\">Llub\u00ed<\/td>\n<td valign=\"top\" width=\"389\">SA FIRA<\/td>\n<\/tr>\n<tr>\n<td valign=\"top\" width=\"92\">A partir del 18<\/td>\n<td valign=\"top\" width=\"95\">Palma<\/td>\n<td valign=\"top\" width=\"389\">FIRA DE NADAL I DELS REIS<\/td>\n<\/tr>\n<\/tbody>\n<\/table>\n","protected":false},"excerpt":{"rendered":"<p>Fecha Lugar Evento Del 3 al 5 Palma NUPCIAL 5 Inca TERCERA FERIA (Feria del arte) 5 Sant Mar\u00e7al FIRA[&#8230;]<\/p>\n","protected":false},"author":1,"featured_media":0,"parent":8124,"menu_order":11,"comment_status":"open","ping_status":"closed","template":"","meta":{"footnotes":""},"class_list":["post-8144","page","type-page","status-publish","hentry"],"jetpack_sharing_enabled":true,"jetpack_shortlink":"https:\/\/wp.me\/P1SDLj-27m","jetpack-related-posts":[{"id":8143,"url":"https:\/\/www.palmacentro.com\/blog\/ferias-y-fiestas\/octubre\/","url_meta":{"origin":8144,"position":0},"title":"Octubre","author":"PalmaCentro","date":"08\/12\/2013","format":false,"excerpt":"Fecha Lugar Evento Hasta el 1 Alc\u00fadia FERIA DE ALC\u00daDIA 1 Alar\u00f3 XV FIRA GREMIAL: FIRA DE GREMIS ARTESANS D\u2019ALAR\u00d3 (artesanal) 1 Esporles FIRA DOL\u00c7A (gastronom\u00eda, dulces) 7 sa Pobla FIRA D\u2019OPORTUNITATS 7 Estellencs ESTELLENCS GASTRON\u00d2MIC 7 Santany\u00ed FIRA DE TARDOR D\u2019OPORTUNITATS I ESTOCS 7 y 8 Llucmajor III FIRA\u2026","rel":"","context":"Entrada similar","block_context":{"text":"Entrada similar","link":""},"img":{"alt_text":"","src":"","width":0,"height":0},"classes":[]},{"id":8133,"url":"https:\/\/www.palmacentro.com\/blog\/ferias-y-fiestas\/mayo\/","url_meta":{"origin":8144,"position":1},"title":"Mayo","author":"PalmaCentro","date":"08\/12\/2013","format":false,"excerpt":"Fecha Lugar Evento hasta el\u00a02 Palma BOATSHOW (feria n\u00e1utica) 1 Costitx FERIA DE LA JARDINER\u00cdA, FLORISTER\u00cdA Y HORTOFRUCTICULTURA 1 Estellencs FERIA DEL VINO Y DEL QUESO 1 Ses Salines XXIX FIRA ESPECTACLE DEL 1r DE MAIG (artesanal, industrial ycomercial) 1 Sineu FERIA DE MAYO 3 Selva FIRA DE LA CREU\u2026","rel":"","context":"Entrada similar","block_context":{"text":"Entrada similar","link":""},"img":{"alt_text":"","src":"","width":0,"height":0},"classes":[]},{"id":8132,"url":"https:\/\/www.palmacentro.com\/blog\/ferias-y-fiestas\/abril\/","url_meta":{"origin":8144,"position":2},"title":"Abril","author":"PalmaCentro","date":"08\/12\/2013","format":false,"excerpt":"\u00a0 Fecha Lugar Evento 2 Sa Pobla XV FERIA DE OPORTUNIDADES (comercial) 2 y 3 Son Ferrriol XXIV FIRA DE SON FERRIOL (agr\u00edcola,\u00a0 ganadera y comercial) 2 y 3 Andratx FERIA ANDRATX (agr\u00edcola,\u00a0 ganadera y comercial) 3 Muro FERIA DE SANT FRANCESC (agr\u00edcola,ganadera, artesanal e industrial) 8, 9\u00a0Y\u00a010 Alc\u00fadia FERIA\u2026","rel":"","context":"Entrada similar","block_context":{"text":"Entrada similar","link":""},"img":{"alt_text":"","src":"","width":0,"height":0},"classes":[]},{"id":8142,"url":"https:\/\/www.palmacentro.com\/blog\/ferias-y-fiestas\/septiembre\/","url_meta":{"origin":8144,"position":3},"title":"Septiembre","author":"PalmaCentro","date":"08\/12\/2013","format":false,"excerpt":"FechaLugarEvento3 y 4Vilafranca de BonanyFERIA DEL MEL\u00d3N (Artesanal, agr\u00edcola,ganadera e industrial)3Lloret de Vistalegre\u00a0FESTA DES SEQUER (agr\u00edcola y artesana)10Pina\u00a0(Algaida)Pina\u00a0(AlgaidaFIRA I MOSTRA DE PRODUCTES ARTESANALS I GASTRON\u00d2MICS10Cas Concos (Felanitx)FERIA NOCTURNA DE SANT NICOLAU11Art\u00e0FIRA D\u2019ART\u00c0 (ganadera,agr\u00edcola y comercial)12 y 13Es Capdell\u00e0 (Calvi\u00e0)VI FERIA DE LOS TRABAJOS DE OTO\u00d1O17 Y 18ManacorFERIA DE SEPTIEMBRE (Producto\u2026","rel":"","context":"Entrada similar","block_context":{"text":"Entrada similar","link":""},"img":{"alt_text":"","src":"","width":0,"height":0},"classes":[]},{"id":8145,"url":"https:\/\/www.palmacentro.com\/blog\/ferias-y-fiestas\/diciembre\/","url_meta":{"origin":8144,"position":4},"title":"Diciembre","author":"PalmaCentro","date":"08\/12\/2013","format":false,"excerpt":"Fecha Lugar Evento Hasta Enero Palma FERIA DE NAVIDAD Y REYES (Plaza Mayor, Rambla, Plaza Espa\u00f1a) 2, 3, 9, 10, 16 y 17 Escorca FERIA DE NAVIDAD 2 Portopetro FERIA DE NAVIDAD 9 Cala Figuera FERIA DE NAVIDAD 9 Cala Millor FIRONET DE NADAL 10 Sineu FERIA DE NAVIDAD 15\u2026","rel":"","context":"Entrada similar","block_context":{"text":"Entrada similar","link":""},"img":{"alt_text":"","src":"","width":0,"height":0},"classes":[]},{"id":8135,"url":"https:\/\/www.palmacentro.com\/blog\/ferias-y-fiestas\/julio\/","url_meta":{"origin":8144,"position":5},"title":"Julio","author":"PalmaCentro","date":"08\/12\/2013","format":false,"excerpt":"Fecha Lugar Evento 10 \u00a0Porto Cristo \u00a0FERIA NOCTURNA 13 \u00a0Porto Cristo \u00a0XV JORNADA DE COCINA MARINERA 16 \u00a0Portocolom \u00a0FERIA NOCTURNA MARINERA 16 y 17 \u00a0Sa Coma \u00a0NITS MULTICULTURALS DE SA COMA del 16 al 19 \u00a0Son Servera \u00a0FIRONET DEL CARME 24 \u00a0Valldemossa \u00a0ARTDEMOSSA 25 \u00a0Ariany \u00a0XII FERIA NOCTURNA 25 \u00a0Manacor\u2026","rel":"","context":"Entrada similar","block_context":{"text":"Entrada similar","link":""},"img":{"alt_text":"","src":"","width":0,"height":0},"classes":[]}],"_links":{"self":[{"href":"https:\/\/www.palmacentro.com\/blog\/wp-json\/wp\/v2\/pages\/8144","targetHints":{"allow":["GET"]}}],"collection":[{"href":"https:\/\/www.palmacentro.com\/blog\/wp-json\/wp\/v2\/pages"}],"about":[{"href":"https:\/\/www.palmacentro.com\/blog\/wp-json\/wp\/v2\/types\/page"}],"author":[{"embeddable":true,"href":"https:\/\/www.palmacentro.com\/blog\/wp-json\/wp\/v2\/users\/1"}],"replies":[{"embeddable":true,"href":"https:\/\/www.palmacentro.com\/blog\/wp-json\/wp\/v2\/comments?post=8144"}],"version-history":[{"count":6,"href":"https:\/\/www.palmacentro.com\/blog\/wp-json\/wp\/v2\/pages\/8144\/revisions"}],"predecessor-version":[{"id":8919,"href":"https:\/\/www.palmacentro.com\/blog\/wp-json\/wp\/v2\/pages\/8144\/revisions\/8919"}],"up":[{"embeddable":true,"href":"https:\/\/www.palmacentro.com\/blog\/wp-json\/wp\/v2\/pages\/8124"}],"wp:attachment":[{"href":"https:\/\/www.palmacentro.com\/blog\/wp-json\/wp\/v2\/media?parent=8144"}],"curies":[{"name":"wp","href":"https:\/\/api.w.org\/{rel}","templated":true}]}}