{"id":8145,"date":"2013-12-08T22:47:02","date_gmt":"2013-12-08T20:47:02","guid":{"rendered":"http:\/\/www.palmacentro.com\/blog\/?page_id=8145"},"modified":"2017-07-14T16:43:21","modified_gmt":"2017-07-14T14:43:21","slug":"diciembre","status":"publish","type":"page","link":"https:\/\/www.palmacentro.com\/blog\/ferias-y-fiestas\/diciembre\/","title":{"rendered":"Diciembre"},"content":{"rendered":"<table border=\"1\" cellspacing=\"0\" cellpadding=\"0\">\n<tbody>\n<tr>\n<td valign=\"top\" width=\"107\"><b>Fecha<\/b><\/td>\n<td valign=\"top\" width=\"94\"><b>Lugar<\/b><\/td>\n<td valign=\"top\" width=\"381\"><b>Evento<\/b><\/td>\n<\/tr>\n<tr>\n<td valign=\"top\" width=\"107\">Hasta Enero<\/td>\n<td valign=\"top\" width=\"94\">Palma<\/td>\n<td valign=\"top\" width=\"381\">FERIA DE NAVIDAD Y REYES (Plaza Mayor, Rambla, Plaza Espa\u00f1a)<\/td>\n<\/tr>\n<tr>\n<td valign=\"top\" width=\"107\">2, 3, 9, 10, 16 y 17<\/td>\n<td valign=\"top\" width=\"94\">Escorca<\/td>\n<td valign=\"top\" width=\"381\">FERIA DE NAVIDAD<\/td>\n<\/tr>\n<tr>\n<td valign=\"top\" width=\"107\">2<\/td>\n<td valign=\"top\" width=\"94\">Portopetro<\/td>\n<td valign=\"top\" width=\"381\">FERIA DE NAVIDAD<\/td>\n<\/tr>\n<tr>\n<td valign=\"top\" width=\"107\">9<\/td>\n<td valign=\"top\" width=\"94\">Cala Figuera<\/td>\n<td valign=\"top\" width=\"381\">FERIA DE NAVIDAD<\/td>\n<\/tr>\n<tr>\n<td valign=\"top\" width=\"107\">9<\/td>\n<td valign=\"top\" width=\"94\">Cala Millor<\/td>\n<td valign=\"top\" width=\"381\">FIRONET DE NADAL<\/td>\n<\/tr>\n<tr>\n<td valign=\"top\" width=\"107\">10<\/td>\n<td valign=\"top\" width=\"94\">Sineu<\/td>\n<td valign=\"top\" width=\"381\">FERIA DE NAVIDAD<\/td>\n<\/tr>\n<tr>\n<td valign=\"top\" width=\"107\">15<\/td>\n<td valign=\"top\" width=\"94\">Santany\u00ed<\/td>\n<td valign=\"top\" width=\"381\">FERIA DE NAVIDAD<\/td>\n<\/tr>\n<tr>\n<td valign=\"top\" width=\"107\">15, 16, 22, 23, 29 y 30<\/td>\n<td valign=\"top\" width=\"94\">Manacor<\/td>\n<td valign=\"top\" width=\"381\">FERIA DE NAVIDAD (artesanal art\u00edculos de navidad y regalos)<\/td>\n<\/tr>\n<tr>\n<td valign=\"top\" width=\"107\">16<\/td>\n<td valign=\"top\" width=\"94\">Algaida<\/td>\n<td valign=\"top\" width=\"381\">MERCADET DE NADAL<\/td>\n<\/tr>\n<tr>\n<td valign=\"top\" width=\"107\">16<\/td>\n<td valign=\"top\" width=\"94\">Sencelles<\/td>\n<td valign=\"top\" width=\"381\">MERCAT DE NADAL I FIRA ARTESANA DE LA CERVESA<\/td>\n<\/tr>\n<tr>\n<td valign=\"top\" width=\"107\">16 y 17<\/td>\n<td valign=\"top\" width=\"94\">ses Salines<\/td>\n<td valign=\"top\" width=\"381\">MERCADET DE NADAL<\/td>\n<\/tr>\n<tr>\n<td valign=\"top\" width=\"107\">16 y 17<\/td>\n<td valign=\"top\" width=\"94\">Son Servera<\/td>\n<td valign=\"top\" width=\"381\">FIRONET DE NADAL<\/td>\n<\/tr>\n<tr>\n<td valign=\"top\" width=\"107\">17<\/td>\n<td valign=\"top\" width=\"94\">Porto Cristo<\/td>\n<td valign=\"top\" width=\"381\">FERIA DE NAVIDAD<\/td>\n<\/tr>\n<tr>\n<td valign=\"top\" width=\"107\">17<\/td>\n<td valign=\"top\" width=\"94\">es Pla de na Tesa<\/td>\n<td valign=\"top\" width=\"381\">FIRA DE LA LLET D\u2019AMETLA<\/td>\n<\/tr>\n<tr>\n<td valign=\"top\" width=\"107\">17<\/td>\n<td valign=\"top\" width=\"94\">Muro<\/td>\n<td valign=\"top\" width=\"381\">FERIA DE NAVIDAD<\/td>\n<\/tr>\n<\/tbody>\n<\/table>\n","protected":false},"excerpt":{"rendered":"<p>Fecha Lugar Evento Hasta Enero Palma FERIA DE NAVIDAD Y REYES (Plaza Mayor, Rambla, Plaza Espa\u00f1a) 2, 3, 9, 10,[&#8230;]<\/p>\n","protected":false},"author":1,"featured_media":0,"parent":8124,"menu_order":12,"comment_status":"open","ping_status":"closed","template":"","meta":{"footnotes":""},"class_list":["post-8145","page","type-page","status-publish","hentry"],"jetpack_sharing_enabled":true,"jetpack_shortlink":"https:\/\/wp.me\/P1SDLj-27n","jetpack-related-posts":[{"id":8126,"url":"https:\/\/www.palmacentro.com\/blog\/ferias-y-fiestas\/enero\/","url_meta":{"origin":8145,"position":0},"title":"Enero","author":"PalmaCentro","date":"08\/12\/2013","format":false,"excerpt":"Fecha Lugar Evento Hasta el 6 Palma FERIA DE NAVIDAD Y REYES (plaza Mayor, la Rambla, Plaza Espa\u00f1a) 9\u00a0y 10 Son Servera FIRONET SANT ANTONIER (artesanal) Del 18 al 20 Palma SANT SEBASTI\u00c0","rel":"","context":"Con 1 comentario","block_context":{"text":"Con 1 comentario","link":"https:\/\/www.palmacentro.com\/blog\/ferias-y-fiestas\/enero\/#comments"},"img":{"alt_text":"","src":"","width":0,"height":0},"classes":[]},{"id":8143,"url":"https:\/\/www.palmacentro.com\/blog\/ferias-y-fiestas\/octubre\/","url_meta":{"origin":8145,"position":1},"title":"Octubre","author":"PalmaCentro","date":"08\/12\/2013","format":false,"excerpt":"Fecha Lugar Evento Hasta el 1 Alc\u00fadia FERIA DE ALC\u00daDIA 1 Alar\u00f3 XV FIRA GREMIAL: FIRA DE GREMIS ARTESANS D\u2019ALAR\u00d3 (artesanal) 1 Esporles FIRA DOL\u00c7A (gastronom\u00eda, dulces) 7 sa Pobla FIRA D\u2019OPORTUNITATS 7 Estellencs ESTELLENCS GASTRON\u00d2MIC 7 Santany\u00ed FIRA DE TARDOR D\u2019OPORTUNITATS I ESTOCS 7 y 8 Llucmajor III FIRA\u2026","rel":"","context":"Entrada similar","block_context":{"text":"Entrada similar","link":""},"img":{"alt_text":"","src":"","width":0,"height":0},"classes":[]},{"id":8133,"url":"https:\/\/www.palmacentro.com\/blog\/ferias-y-fiestas\/mayo\/","url_meta":{"origin":8145,"position":2},"title":"Mayo","author":"PalmaCentro","date":"08\/12\/2013","format":false,"excerpt":"Fecha Lugar Evento hasta el\u00a02 Palma BOATSHOW (feria n\u00e1utica) 1 Costitx FERIA DE LA JARDINER\u00cdA, FLORISTER\u00cdA Y HORTOFRUCTICULTURA 1 Estellencs FERIA DEL VINO Y DEL QUESO 1 Ses Salines XXIX FIRA ESPECTACLE DEL 1r DE MAIG (artesanal, industrial ycomercial) 1 Sineu FERIA DE MAYO 3 Selva FIRA DE LA CREU\u2026","rel":"","context":"Entrada similar","block_context":{"text":"Entrada similar","link":""},"img":{"alt_text":"","src":"","width":0,"height":0},"classes":[]},{"id":8134,"url":"https:\/\/www.palmacentro.com\/blog\/ferias-y-fiestas\/junio\/","url_meta":{"origin":8145,"position":3},"title":"Junio","author":"PalmaCentro","date":"08\/12\/2013","format":false,"excerpt":"Fecha Lugar Evento 3 y 4 Sa Pobla FERIA DE LA PATATA 4 y 5 Lloseta FERIA DE SA SABATA (artesanal) 5 Manacor FERIA DE SA SABATA (artesanal) 7 Biniali FERIA DE\u00a0BINIALI (jocs tipics mallorquins) \u00a011 Son Servera FIRONET DE SAN JOAN \u00a011 y 12 Son Servera FIRA DE SAN\u2026","rel":"","context":"Entrada similar","block_context":{"text":"Entrada similar","link":""},"img":{"alt_text":"","src":"","width":0,"height":0},"classes":[]},{"id":8132,"url":"https:\/\/www.palmacentro.com\/blog\/ferias-y-fiestas\/abril\/","url_meta":{"origin":8145,"position":4},"title":"Abril","author":"PalmaCentro","date":"08\/12\/2013","format":false,"excerpt":"\u00a0 Fecha Lugar Evento 2 Sa Pobla XV FERIA DE OPORTUNIDADES (comercial) 2 y 3 Son Ferrriol XXIV FIRA DE SON FERRIOL (agr\u00edcola,\u00a0 ganadera y comercial) 2 y 3 Andratx FERIA ANDRATX (agr\u00edcola,\u00a0 ganadera y comercial) 3 Muro FERIA DE SANT FRANCESC (agr\u00edcola,ganadera, artesanal e industrial) 8, 9\u00a0Y\u00a010 Alc\u00fadia FERIA\u2026","rel":"","context":"Entrada similar","block_context":{"text":"Entrada similar","link":""},"img":{"alt_text":"","src":"","width":0,"height":0},"classes":[]},{"id":8142,"url":"https:\/\/www.palmacentro.com\/blog\/ferias-y-fiestas\/septiembre\/","url_meta":{"origin":8145,"position":5},"title":"Septiembre","author":"PalmaCentro","date":"08\/12\/2013","format":false,"excerpt":"FechaLugarEvento3 y 4Vilafranca de BonanyFERIA DEL MEL\u00d3N (Artesanal, agr\u00edcola,ganadera e industrial)3Lloret de Vistalegre\u00a0FESTA DES SEQUER (agr\u00edcola y artesana)10Pina\u00a0(Algaida)Pina\u00a0(AlgaidaFIRA I MOSTRA DE PRODUCTES ARTESANALS I GASTRON\u00d2MICS10Cas Concos (Felanitx)FERIA NOCTURNA DE SANT NICOLAU11Art\u00e0FIRA D\u2019ART\u00c0 (ganadera,agr\u00edcola y comercial)12 y 13Es Capdell\u00e0 (Calvi\u00e0)VI FERIA DE LOS TRABAJOS DE OTO\u00d1O17 Y 18ManacorFERIA DE SEPTIEMBRE (Producto\u2026","rel":"","context":"Entrada similar","block_context":{"text":"Entrada similar","link":""},"img":{"alt_text":"","src":"","width":0,"height":0},"classes":[]}],"_links":{"self":[{"href":"https:\/\/www.palmacentro.com\/blog\/wp-json\/wp\/v2\/pages\/8145","targetHints":{"allow":["GET"]}}],"collection":[{"href":"https:\/\/www.palmacentro.com\/blog\/wp-json\/wp\/v2\/pages"}],"about":[{"href":"https:\/\/www.palmacentro.com\/blog\/wp-json\/wp\/v2\/types\/page"}],"author":[{"embeddable":true,"href":"https:\/\/www.palmacentro.com\/blog\/wp-json\/wp\/v2\/users\/1"}],"replies":[{"embeddable":true,"href":"https:\/\/www.palmacentro.com\/blog\/wp-json\/wp\/v2\/comments?post=8145"}],"version-history":[{"count":6,"href":"https:\/\/www.palmacentro.com\/blog\/wp-json\/wp\/v2\/pages\/8145\/revisions"}],"predecessor-version":[{"id":8922,"href":"https:\/\/www.palmacentro.com\/blog\/wp-json\/wp\/v2\/pages\/8145\/revisions\/8922"}],"up":[{"embeddable":true,"href":"https:\/\/www.palmacentro.com\/blog\/wp-json\/wp\/v2\/pages\/8124"}],"wp:attachment":[{"href":"https:\/\/www.palmacentro.com\/blog\/wp-json\/wp\/v2\/media?parent=8145"}],"curies":[{"name":"wp","href":"https:\/\/api.w.org\/{rel}","templated":true}]}}