{"id":8233,"date":"2014-01-07T17:53:44","date_gmt":"2014-01-07T15:53:44","guid":{"rendered":"http:\/\/www.palmacentro.com\/blog\/?page_id=8233"},"modified":"2014-01-08T19:44:22","modified_gmt":"2014-01-08T17:44:22","slug":"playas","status":"publish","type":"page","link":"https:\/\/www.palmacentro.com\/blog\/que-ver-en-mallorca\/playas\/","title":{"rendered":"Playas"},"content":{"rendered":"<p><a href=\"https:\/\/i0.wp.com\/www.palmacentro.com\/blog\/wp-content\/uploads\/2014\/01\/playas.jpg\"><img data-recalc-dims=\"1\" loading=\"lazy\" decoding=\"async\" data-attachment-id=\"8268\" data-permalink=\"https:\/\/www.palmacentro.com\/blog\/que-ver-en-mallorca\/playas\/playas-2\/\" data-orig-file=\"https:\/\/i0.wp.com\/www.palmacentro.com\/blog\/wp-content\/uploads\/2014\/01\/playas.jpg?fit=600%2C400&amp;ssl=1\" data-orig-size=\"600,400\" data-comments-opened=\"1\" data-image-meta=\"{&quot;aperture&quot;:&quot;0&quot;,&quot;credit&quot;:&quot;&quot;,&quot;camera&quot;:&quot;&quot;,&quot;caption&quot;:&quot;&quot;,&quot;created_timestamp&quot;:&quot;0&quot;,&quot;copyright&quot;:&quot;&quot;,&quot;focal_length&quot;:&quot;0&quot;,&quot;iso&quot;:&quot;0&quot;,&quot;shutter_speed&quot;:&quot;0&quot;,&quot;title&quot;:&quot;&quot;}\" data-image-title=\"playas\" data-image-description=\"\" data-image-caption=\"\" data-large-file=\"https:\/\/i0.wp.com\/www.palmacentro.com\/blog\/wp-content\/uploads\/2014\/01\/playas.jpg?fit=600%2C400&amp;ssl=1\" class=\"aligncenter size-full wp-image-8268\" alt=\"playas\" src=\"https:\/\/i0.wp.com\/www.palmacentro.com\/blog\/wp-content\/uploads\/2014\/01\/playas.jpg?resize=600%2C400\" width=\"600\" height=\"400\" srcset=\"https:\/\/i0.wp.com\/www.palmacentro.com\/blog\/wp-content\/uploads\/2014\/01\/playas.jpg?w=600&amp;ssl=1 600w, https:\/\/i0.wp.com\/www.palmacentro.com\/blog\/wp-content\/uploads\/2014\/01\/playas.jpg?resize=300%2C200&amp;ssl=1 300w, https:\/\/i0.wp.com\/www.palmacentro.com\/blog\/wp-content\/uploads\/2014\/01\/playas.jpg?resize=150%2C100&amp;ssl=1 150w\" sizes=\"auto, (max-width: 600px) 100vw, 600px\" \/><\/a><\/p>\n<p>&nbsp;<\/p>\n<p><b>Cala Agulla <\/b>(Capdepera) Vigilancia alta<br \/>\nPlaya de arena<br \/>\nLongitud de la playa: <b>520 metros<\/b> Anchura media: <b>50 metros<\/b> Grado de ocupaci\u00f3n: <b>alto<\/b><br \/>\nTipo de playa: <b>semiurbana<\/b> Condiciones de ba\u00f1o: <b>oleaje moderado<\/b><\/p>\n<p><b>Cala Anguila <\/b>(Manacor) Vigilancia alta<br \/>\nPlaya de arena Acceso minusv\u00e1lido<br \/>\nLongitud de la playa: <b>50 metros<\/b> Anchura media: <b>120 metros<\/b> Grado de ocupaci\u00f3n: <b>bajo<\/b><br \/>\nTipo de playa: <b>semiurbana<\/b> Condiciones de ba\u00f1o: <b>aguas tranquilas<\/b><\/p>\n<p><b>Cala Antena <\/b>(Manacor) Vigilancia baja<br \/>\nPlaya de arena Acceso minusv\u00e1lido<br \/>\nLongitud de la playa: <b>25 metros<\/b> Anchura media: <b>85 metros<\/b> Grado de ocupaci\u00f3n: <b>bajo<\/b><\/p>\n<p><b>Cala Barques <\/b>(Pollen\u00e7a) Vigilancia media<br \/>\nPlaya de arena Acceso minusv\u00e1lido<br \/>\nLongitud de la playa: <b>85 metros<\/b> Anchura media: <b>40 metros<\/b> Grado de ocupaci\u00f3n: <b>alto<\/b><br \/>\nTipo de playa: <b>urbana<\/b> Condiciones de ba\u00f1o: <b>oleaje fuerte<\/b><\/p>\n<p><b>Cala d&#8217;en Mar\u00e7al \/ Cal\u00f3 d&#8217;en Mar\u00e7al<\/b> (Felanitx) Vigilancia media<br \/>\nPlaya de arena Acceso minusv\u00e1lido<br \/>\nLongitud de la playa: <b>150 metros<\/b> Anchura media: <b>120 metros<\/b> Grado de ocupaci\u00f3n: <b>medio<\/b><br \/>\nTipo de playa: <b>urbana<\/b> Condiciones de ba\u00f1o: <b>aguas tranquilas<\/b><\/p>\n<p><b>Cala de sa Font de n&#8217;Alis \/ Cala Mondrag\u00f3<\/b> (Santany\u00ed)<\/p>\n<p>Playa de arena Acceso minusv\u00e1lido<br \/>\nLongitud de la playa: <b>75 metros<\/b> Anchura media: <b>60 metros<\/b> Grado de ocupaci\u00f3n: <b>alto<\/b><br \/>\nTipo de playa: <b>semiurbana<\/b> Condiciones de ba\u00f1o: <b>oleaje moderado<\/b><\/p>\n<p><b>Cala Est\u00e0ncia <\/b>(Palma) Vigilancia alta<br \/>\nPlaya de arena Acceso minusv\u00e1lido<br \/>\nLongitud de la playa: <b>220 metros<\/b> Anchura media: <b>37 metros<\/b> Grado de ocupaci\u00f3n: <b>alto<\/b><br \/>\nTipo de playa: <b>urbana<\/b> Condiciones de ba\u00f1o: <b>aguas tranquilas<\/b><\/p>\n<p><b>Cala Ferrera <\/b>(Felanitx) Vigilancia alta<br \/>\nPlaya de arena Acceso minusv\u00e1lido<br \/>\nLongitud de la playa: <b>100 metros<\/b> Anchura media: <b>60 metros<\/b> Grado de ocupaci\u00f3n: <b>alto<\/b><br \/>\nTipo de playa: <b>urbana<\/b> Condiciones de ba\u00f1o: <b>aguas tranquilas<\/b><\/p>\n<p><b>Cala Formentor \/ Cala Pi de la Posada<\/b> (Pollen\u00e7a) Vigilancia alta<br \/>\nPlaya de arena Acceso minusv\u00e1lido<br \/>\nLongitud de la playa: <b>840 metros<\/b> Anchura media: <b>8 metros<\/b> Grado de ocupaci\u00f3n: <b>alto<\/b><br \/>\nTipo de playa: <b>semiurbana<\/b> Condiciones de ba\u00f1o: <b>aguas tranquilas<\/b><\/p>\n<p><b>Cala Gran \/ Cal\u00f3 Gran<\/b> (Santany\u00ed)<br \/>\nPlaya de arena<br \/>\nLongitud de la playa: <b>40 metros<\/b> Anchura media: <b>100 metros<\/b> Grado de ocupaci\u00f3n: <b>alto<\/b><br \/>\nTipo de playa: <b>urbana<\/b> Condiciones de ba\u00f1o: <b>oleaje moderado<\/b><\/p>\n<p><b>Cala Major <\/b>(Palma) Vigilancia alta<br \/>\nPlaya de arena Acceso minusv\u00e1lido<br \/>\nLongitud de la playa: <b>200 metros<\/b> Anchura media: <b>80 metros<\/b> Grado de ocupaci\u00f3n: <b>alto<\/b><br \/>\nTipo de playa: <b>urbana<\/b> Condiciones de ba\u00f1o: <b>aguas tranquilas<\/b><\/p>\n<p><b>Cala Mendia <\/b>(Manacor) Vigilancia media<br \/>\nPlaya de arena Acceso minusv\u00e1lido<br \/>\nLongitud de la playa: <b>60 metros<\/b> Anchura media: <b>120 metros<\/b> Grado de ocupaci\u00f3n: <b>medio<\/b><br \/>\nTipo de playa: <b>urbana<\/b> Condiciones de ba\u00f1o: <b>aguas tranquilas<\/b><\/p>\n<p><b>Cala Millor \/ Son Moro, Cala Nau<\/b> (Sant Lloren\u00e7) Vigilancia alta<br \/>\nPlaya de arena Acceso minusv\u00e1lido<br \/>\nLongitud de la playa: <b>1320 metros<\/b> Anchura media: <b>30 metros<\/b> Grado de ocupaci\u00f3n: <b>alto<\/b><br \/>\nTipo de playa: <b>urbana<\/b> Condiciones de ba\u00f1o: <b>aguas tranquilas<\/b><\/p>\n<p><b>Cala Millor <\/b>(Son Servera) Vigilancia alta<br \/>\nPlaya de arena Acceso minusv\u00e1lido<br \/>\nLongitud de la playa: <b>420 metros<\/b> Anchura media: <b>36 metros<\/b> Grado de ocupaci\u00f3n: <b>alto<\/b><br \/>\nTipo de playa: <b>urbana<\/b> Condiciones de ba\u00f1o: <b>oleaje fuerte<\/b><\/p>\n<p><b>Cala Molins <\/b>(Pollen\u00e7a) Vigilancia alta<br \/>\nPlaya de arena Acceso minusv\u00e1lido<br \/>\nLongitud de la playa: <b>45 metros<\/b> Anchura media: <b>50 metros<\/b> Grado de ocupaci\u00f3n: <b>alto<\/b><br \/>\nTipo de playa: <b>urbana<\/b> Condiciones de ba\u00f1o: <b>oleaje fuerte<\/b><\/p>\n<p><strong>Cala sa Marjal \/ es Ribells<\/strong> (Son Servera) Vigilancia media<br \/>\nPlaya de arena<br \/>\nLongitud de la playa: <b>500 metros<\/b> Anchura media: <b>20 metros<\/b> Grado de ocupaci\u00f3n: <b>medio<\/b><br \/>\nTipo de playa: <b>semiurbana<\/b> Condiciones de ba\u00f1o: <b>oleaje moderado<\/b><\/p>\n<p><strong>Cala sa Nau<\/strong> (Felanitx) Vigilancia media<br \/>\nPlaya de arena<br \/>\nLongitud de la playa: <b>60 metros<\/b> Anchura media: <b>70 metros<\/b> Grado de ocupaci\u00f3n: <b>medio<\/b><br \/>\nTipo de playa: <b>aislada<\/b> Condiciones de ba\u00f1o: <b>aguas tranquilas<\/b><\/p>\n<p><strong>Cala Santany\u00ed<\/strong> (Santany\u00ed)<br \/>\nPlaya de arena Acceso minusv\u00e1lido<br \/>\nLongitud de la playa: <b>70 metros<\/b> Anchura media: <b>100 metros<\/b> Grado de ocupaci\u00f3n: <b>alto<br \/>\n<\/b>Tipo de playa: <b>urbana<\/b> Condiciones de ba\u00f1o: <b>oleaje moderado<\/b><\/p>\n<p><b>Cala Vinyes <\/b>(Calvi\u00e0)<br \/>\nPlaya de arena<br \/>\nLongitud de la playa: <b>60 metros<\/b> Anchura media: <b>80 metros<\/b> Grado de ocupaci\u00f3n: <b>alto<\/b><br \/>\nTipo de playa: <b>urbana<\/b> Condiciones de ba\u00f1o: <b>aguas tranquilas<\/b><\/p>\n<p><b>Camp de Mar \/ Platja de Camp de Mar<\/b> (Andratx) Vigilancia media<br \/>\nPlaya de arena Acceso minusv\u00e1lido<br \/>\nLongitud de la playa: <b>180 metros<\/b> Anchura media: <b>60 metros<\/b> Grado de ocupaci\u00f3n: <b>alto<\/b><br \/>\nTipo de playa: <b>urbana<\/b> Condiciones de ba\u00f1o: <b>aguas tranquilas<\/b><\/p>\n<p><b>Can Picafort <\/b>(Santa Margalida) Vigilancia alta<br \/>\nPlaya de arena Acceso minusv\u00e1lido<br \/>\nLongitud de la playa: <b>1300 metros<\/b> Anchura media: <b>30 metros<\/b> Grado de ocupaci\u00f3n: <b>alto<\/b><br \/>\nTipo de playa: <b>urbana<\/b> Condiciones de ba\u00f1o: <b>oleaje moderado<\/b><\/p>\n<p><b>Canyamel <\/b>(Capdepera) Vigilancia media<br \/>\nPlaya de arena<br \/>\nLongitud de la playa: <b>290 metros<\/b> Anchura media: <b>80 metros<\/b> Grado de ocupaci\u00f3n: <b>alto<\/b><br \/>\nTipo de playa: <b>semiurbana<\/b> Condiciones de ba\u00f1o: <b>oleaje moderado<\/b><\/p>\n<p><b>Ciutat Jard\u00ed <\/b>(Palma) Vigilancia alta<br \/>\nPlaya de arena Acceso minusv\u00e1lido<br \/>\nLongitud de la playa: <b>450 metros<\/b> Anchura media: <b>35 metros<\/b> Grado de ocupaci\u00f3n: <b>alto<\/b><br \/>\nTipo de playa: <b>urbana<\/b> Condiciones de ba\u00f1o: <b>aguas tranquilas<\/b><\/p>\n<p><b>Es Domingos Grans i Petits \/ Cala es Domingos Grans i Cala es Domingos Petits o Cala Tropicana<\/b> (Manacor) Vigilancia media<br \/>\nPlaya de arena Acceso minusv\u00e1lido<br \/>\nLongitud de la playa: <b>180 metros<\/b> Anchura media: <b>125 metros<\/b> Grado de ocupaci\u00f3n: <b>medio<\/b><br \/>\nTipo de playa: <b>urbana<\/b> Condiciones de ba\u00f1o: <b>aguas tranquilas<\/b><\/p>\n<p><b>Platja d&#8217;Alc\u00fadia <\/b>(Alc\u00fadia) Vigilancia alta<br \/>\nPlaya de arena Acceso minusv\u00e1lido<br \/>\nLongitud de la playa: <b>3400 metros<\/b> Anchura media: <b>80 metros<\/b> Grado de ocupaci\u00f3n: <b>alto<\/b><br \/>\nTipo de playa: <b>urbana<\/b> Condiciones de ba\u00f1o: <b>aguas tranquilas<\/b><\/p>\n<p><b>Platja de Can Pere Antoni <\/b>(Palma) Vigilancia alta.<br \/>\nPlaya de arena Acceso minusv\u00e1lido<br \/>\nLongitud de la playa: <b>750 metros<\/b> Anchura media: <b>15 metros<\/b> Grado de ocupaci\u00f3n: <b>alto<\/b><br \/>\nTipo de playa: <b>urbana<\/b> Condiciones de ba\u00f1o: <b>oleaje moderado<\/b><\/p>\n<p><b>Platja de l&#8217;Oratori \/ Portals Nous, Cala Portals Nous<\/b> (Calvi\u00e0) Vigilancia alta<br \/>\nPlaya de arena Acceso minusv\u00e1lido<br \/>\nLongitud de la playa: <b>1000 metros<\/b> Anchura media: <b>50 metros<\/b> Grado de ocupaci\u00f3n: <b>alto<\/b><br \/>\nTipo de playa: <b>urbana<\/b> Condiciones de ba\u00f1o: <b>aguas tranquilas<\/b><\/p>\n<p><b>Platja del Port de Pollen\u00e7a \/ Platja de Llenaire, Platja dels Tamarells<\/b> (Pollen\u00e7a) Vigilancia alta<br \/>\nPlaya de arena Acceso minusv\u00e1lido<br \/>\nLongitud de la playa: <b>1440 metros<\/b> Anchura media: <b>40 metros<\/b> Grado de ocupaci\u00f3n: <b>alto<\/b><br \/>\nTipo de playa: <b>urbana<\/b> Condiciones de ba\u00f1o: <b>aguas tranquilas<\/b><\/p>\n<p><b>Platja de Muro &#8211; Es Com\u00fa <\/b>(Muro)<br \/>\nPlaya de arena<br \/>\nLongitud de la playa: <b>1487 metros<\/b> Anchura media: <b>15 metros<\/b> Grado de ocupaci\u00f3n: <b>bajo<\/b><br \/>\nTipo de playa: <b>aislada<\/b> Condiciones de ba\u00f1o: <b>oleaje moderado<\/b><\/p>\n<p><b>Platja de Muro -Sector I <\/b>(Muro) Vigilancia alta<br \/>\nPlaya de arena Acceso minusv\u00e1lido<br \/>\nLongitud de la playa: <b>1615 metros<\/b> Anchura media: <b>34 metros<\/b> Grado de ocupaci\u00f3n: <b>alto<\/b><br \/>\nTipo de playa: <b>urbana<\/b> Condiciones de ba\u00f1o: <b>oleaje moderado<br \/>\n<\/b><br \/>\n<b>Platja de Palma <\/b>(Palma) Vigilancia alta<br \/>\nPlaya de arena Acceso minusv\u00e1lido<br \/>\nLongitud de la playa: <b>4600 metros<\/b> Anchura media: <b>50 metros<\/b> Grado de ocupaci\u00f3n: <b>medio<\/b><br \/>\nTipo de playa: <b>urbana<\/b> Condiciones de ba\u00f1o: <b>aguas tranquilas<\/b><\/p>\n<p><b>Platja de Palmanova \/ Cala Blanca<\/b> (Calvi\u00e0) Vigilancia media<\/p>\n<p>Playa de arena Acceso minusv\u00e1lido<br \/>\nLongitud de la playa: <b>1000 metros<\/b> Anchura media: <b>60 metros<\/b> Grado de ocupaci\u00f3n: <b>alto<\/b><br \/>\nTipo de playa: <b>urbana<\/b> Condiciones de ba\u00f1o: <b>aguas tranquilas<\/b><\/p>\n<p><b>Platja de Santa Pon\u00e7a <\/b>(Calvi\u00e0) Vigilancia alta<br \/>\nPlaya de arena Acceso minusv\u00e1lido<br \/>\nLongitud de la playa: <b>1300 metros<\/b> Anchura media: <b>100 metros<\/b> Grado de ocupaci\u00f3n: <b>alto<\/b><br \/>\nTipo de playa: <b>urbana<\/b> Condiciones de ba\u00f1o: <b>aguas tranquilas<\/b><\/p>\n<p><b>Platja de Sant Elm \/ Es Geparut<\/b> (Andratx) Vigilancia media<br \/>\nPlaya de arena Acceso minusv\u00e1lido<br \/>\nLongitud de la playa: <b>130 metros<\/b> Anchura media: <b>30 metros<\/b> Grado de ocupaci\u00f3n: <b>alto<\/b><br \/>\nTipo de playa: <b>urbana<\/b> Condiciones de ba\u00f1o: <b>aguas tranquilas<\/b><\/p>\n<p><b>Platja des Carregador \/ Platja de Morocco, Porto Novo<\/b> (Calvi\u00e0) Vigilancia media<br \/>\nPlaya de arena Acceso minusv\u00e1lido<br \/>\nLongitud de la playa: <b>600 metros<\/b> Anchura media: <b>60 metros<\/b> Grado de ocupaci\u00f3n: <b>alto<\/b><br \/>\nTipo de playa: <b>urbana<\/b> Condiciones de ba\u00f1o: <b>aguas tranquilas<\/b><\/p>\n<p><b>Platja de Son Maties <\/b>(Calvi\u00e0) Vigilancia media<br \/>\nPlaya de arena Acceso minusv\u00e1lido<br \/>\nLongitud de la playa: <b>1200 metros<\/b> Anchura media: <b>100 metros<\/b> Grado de ocupaci\u00f3n: <b>alto<\/b><br \/>\nTipo de playa: <b>urbana<\/b> Condiciones de ba\u00f1o: <b>aguas tranquilas<\/b><br \/>\nBandera azul<\/p>\n<p><b>Platja de Tor\u00e0 \/ Peguera Tor\u00e0<\/b> (Calvi\u00e0) Vigilancia alta<br \/>\nPlaya de arena Acceso minusv\u00e1lido<br \/>\nLongitud de la playa: <b>500 metros<\/b> Anchura media: <b>40 metros<\/b> Grado de ocupaci\u00f3n: <b>alto<\/b><br \/>\nTipo de playa: <b>urbana<\/b> Condiciones de ba\u00f1o: <b>aguas tranquilas<\/b><\/p>\n<p><b>Platja La Romana \/ Peguera Romana, Platja dels Morts<\/b> (Calvi\u00e0) Vigilancia alta<br \/>\nPlaya de arena Acceso minusv\u00e1lido<br \/>\nLongitud de la playa: <b>300 metros<\/b> Anchura media: <b>60 metros<\/b> Grado de ocupaci\u00f3n: <b>alto<\/b><br \/>\nTipo de playa: <b>urbana<\/b> Condiciones de ba\u00f1o: <b>aguas tranquilas<\/b><\/p>\n<p><b>Platja Palmira \/ Peguera Palmira, Platja des Pouet<\/b> (Calvi\u00e0) Vigilancia alta<br \/>\nPlaya de arena Acceso minusv\u00e1lido<br \/>\nLongitud de la playa: <b>600 metros<\/b> Anchura media: <b>40 metros<\/b> Grado de ocupaci\u00f3n: <b>alto<\/b><br \/>\nTipo de playa: <b>urbana<\/b> Condiciones de ba\u00f1o: <b>aguas tranquilas<\/b><\/p>\n<p><b>Sa Coma <\/b>(Sant Lloren\u00e7) Vigilancia alta<br \/>\nPlaya de arena Acceso minusv\u00e1lido<br \/>\nLongitud de la playa: <b>800 metros<\/b> Anchura media: <b>30 metros<\/b> Grado de ocupaci\u00f3n: <b>alto<\/b><br \/>\nTipo de playa: <b>urbana<\/b> Condiciones de ba\u00f1o: <b>oleaje moderado<\/b><\/p>\n<p><b>Sa Font de sa Cala <\/b>(Capdepera) Vigilancia baja<br \/>\nPlaya de arena<br \/>\nLongitud de la playa: <b>100 metros<\/b> Anchura media: <b>60 metros<\/b> Grado de ocupaci\u00f3n: <b>alto<\/b><br \/>\nTipo de playa: <b>semiurbana<\/b> Condiciones de ba\u00f1o: <b>aguas tranquilas<\/b><\/p>\n<p><b>Son Baul\u00f3 <\/b>(Santa Margalida) Vigilancia alta<br \/>\nPlaya de arena Acceso minusv\u00e1lido<br \/>\nLongitud de la playa: <b>160 metros<\/b> Anchura media: <b>80 metros<\/b> Grado de ocupaci\u00f3n: <b>alto<\/b><br \/>\nTipo de playa: <b>semiurbana<\/b> Condiciones de ba\u00f1o: <b>oleaje moderado<\/b><\/p>\n<p>&nbsp;<\/p>\n<p>&nbsp;<\/p>\n","protected":false},"excerpt":{"rendered":"<p>&nbsp; Cala Agulla (Capdepera) Vigilancia alta Playa de arena Longitud de la playa: 520 metros Anchura media: 50 metros Grado[&#8230;]<\/p>\n","protected":false},"author":2,"featured_media":0,"parent":8122,"menu_order":0,"comment_status":"open","ping_status":"closed","template":"","meta":{"footnotes":""},"class_list":["post-8233","page","type-page","status-publish","hentry"],"jetpack_sharing_enabled":true,"jetpack_shortlink":"https:\/\/wp.me\/P1SDLj-28N","jetpack-related-posts":[{"id":8242,"url":"https:\/\/www.palmacentro.com\/blog\/que-ver-en-mallorca\/cicloturismo\/","url_meta":{"origin":8233,"position":0},"title":"Cicloturismo","author":"Ver\u00f3nica","date":"07\/01\/2014","format":false,"excerpt":"Mallorca tiene una buena climatolog\u00eda y naturaleza y eso favorece a los cicloturistas amateurs y profesionales ofreci\u00e9ndoles unas posibilidades inmejorables. Incluso en invierno, se encuentran unas condiciones id\u00f3neas para el entrenamiento que en otros lugares ser\u00eda imposible. Contando con una red de carreteras, en las que pod\u00e9is encontrar caminos vecinales\u2026","rel":"","context":"Entrada similar","block_context":{"text":"Entrada similar","link":""},"img":{"alt_text":"cicloturismo","src":"https:\/\/i0.wp.com\/www.palmacentro.com\/blog\/wp-content\/uploads\/2014\/01\/cicloturismo.jpg?resize=350%2C200","width":350,"height":200,"srcset":"https:\/\/i0.wp.com\/www.palmacentro.com\/blog\/wp-content\/uploads\/2014\/01\/cicloturismo.jpg?resize=350%2C200 1x, https:\/\/i0.wp.com\/www.palmacentro.com\/blog\/wp-content\/uploads\/2014\/01\/cicloturismo.jpg?resize=525%2C300 1.5x"},"classes":[]},{"id":113,"url":"https:\/\/www.palmacentro.com\/blog\/directorio\/hoteles\/","url_meta":{"origin":8233,"position":1},"title":"Hoteles","author":"PalmaCentro","date":"27\/09\/2011","format":false,"excerpt":"Abelay ** Tel: 971 75 60 34 C\/ Pablo Iglesias, 49 (Placa de Toros) 07004 Palma de Mallorca (Baleares) Abelux ** Tel: 971 75 08 40 C\/ Ram\u00f3n Muntaner, 30 (Bons Aires) 07003 Palma de Mallorca (Baleares) Ac Ciutat de Palma **** Tel: 971 22 23 00 Pl. Pont, 3\u2026","rel":"","context":"Entrada similar","block_context":{"text":"Entrada similar","link":""},"img":{"alt_text":"","src":"https:\/\/i0.wp.com\/www.palmacentro.com\/blog\/wp-content\/uploads\/2011\/09\/hoteles.jpg?resize=350%2C200","width":350,"height":200,"srcset":"https:\/\/i0.wp.com\/www.palmacentro.com\/blog\/wp-content\/uploads\/2011\/09\/hoteles.jpg?resize=350%2C200 1x, https:\/\/i0.wp.com\/www.palmacentro.com\/blog\/wp-content\/uploads\/2011\/09\/hoteles.jpg?resize=525%2C300 1.5x, https:\/\/i0.wp.com\/www.palmacentro.com\/blog\/wp-content\/uploads\/2011\/09\/hoteles.jpg?resize=700%2C400 2x"},"classes":[]},{"id":8122,"url":"https:\/\/www.palmacentro.com\/blog\/que-ver-en-mallorca\/","url_meta":{"origin":8233,"position":2},"title":"Que ver en Mallorca","author":"PalmaCentro","date":"08\/12\/2013","format":false,"excerpt":"En este apartado encontrareis que tipo de vacaciones quer\u00e9is y de que lugares disfrutar seg\u00fan vuestras preferencia; Mallorca en Verano, Turismo Familiar, Mallorca de Lujo, Turismo Social, Salud y Bienestar o Piensa en Verde. MALLORCA EN VERANO \u00a0 Al pensar en ir durante la \u00e9poca de verano a Mallorca lo\u2026","rel":"","context":"Entrada similar","block_context":{"text":"Entrada similar","link":""},"img":{"alt_text":"","src":"","width":0,"height":0},"classes":[]},{"id":8260,"url":"https:\/\/www.palmacentro.com\/blog\/que-ver-en-mallorca\/historia-y-cultura\/","url_meta":{"origin":8233,"position":3},"title":"Historia y Cultura","author":"Ver\u00f3nica","date":"16\/01\/2014","format":false,"excerpt":"En esta secci\u00f3n ten\u00e9is la explicaci\u00f3n y ubicaci\u00f3n de los lugares, edificios y productos m\u00e1s importantes en la historia y cultura mallorquina. \u00a0 La Seu Uno de los monumentos m\u00e1s emblem\u00e1tico y visitados de Palma es la Catedral de Mallorca, un edificio g\u00f3tico del siglo s.XIV con el nombre de\u2026","rel":"","context":"Entrada similar","block_context":{"text":"Entrada similar","link":""},"img":{"alt_text":"la seu","src":"https:\/\/i0.wp.com\/www.palmacentro.com\/blog\/wp-content\/uploads\/2014\/01\/la-seu1.jpg?resize=350%2C200","width":350,"height":200,"srcset":"https:\/\/i0.wp.com\/www.palmacentro.com\/blog\/wp-content\/uploads\/2014\/01\/la-seu1.jpg?resize=350%2C200 1x, https:\/\/i0.wp.com\/www.palmacentro.com\/blog\/wp-content\/uploads\/2014\/01\/la-seu1.jpg?resize=525%2C300 1.5x"},"classes":[]},{"id":99,"url":"https:\/\/www.palmacentro.com\/blog\/directorio\/restaurantes\/","url_meta":{"origin":8233,"position":4},"title":"Restaurantes","author":"PalmaCentro","date":"27\/09\/2011","format":false,"excerpt":"\u00a0 El Patio Salao Tel: 971 24 07 10 C\/ Capit\u00e1n Ramonell Boix, 168 (El Molinar) 07007 Palma de Mallorca (Baleares) Es Coc\u00f3 Tel: 971 75 28 62\u00a0 C\/ Francesc de Sales, 18\u00a0 (L'Olivera) 07004 Palma de Mallorca (Baleares) Bosfor Tel: 663 05 66 45 07010 Palma de Mallorca (Baleares)\u2026","rel":"","context":"Entrada similar","block_context":{"text":"Entrada similar","link":""},"img":{"alt_text":"","src":"https:\/\/i0.wp.com\/www.palmacentro.com\/blog\/wp-content\/uploads\/2011\/09\/restaurantes.jpg?resize=350%2C200","width":350,"height":200,"srcset":"https:\/\/i0.wp.com\/www.palmacentro.com\/blog\/wp-content\/uploads\/2011\/09\/restaurantes.jpg?resize=350%2C200 1x, https:\/\/i0.wp.com\/www.palmacentro.com\/blog\/wp-content\/uploads\/2011\/09\/restaurantes.jpg?resize=525%2C300 1.5x, https:\/\/i0.wp.com\/www.palmacentro.com\/blog\/wp-content\/uploads\/2011\/09\/restaurantes.jpg?resize=700%2C400 2x"},"classes":[]},{"id":127,"url":"https:\/\/www.palmacentro.com\/blog\/directorio\/talleres-mecanicos\/","url_meta":{"origin":8233,"position":5},"title":"Talleres Mec\u00e1nicos","author":"PalmaCentro","date":"27\/09\/2011","format":false,"excerpt":"\u00a0 Talleres de MOTOS: Aprilia Center Tel: 971 75 77 60 C\/ Alfons el Magnanim, 43 (Camp Redo) 07004 Palma de Mallorca (Baleares) Aprilia Center Tel: 971 46 70 74 C\/ Reina Constan\u00e7a, 19 (Foners) 07006 Palma de Mallorca (Baleares) Asal Motors Tel: 971 46 76 01 C\/ Ricard Ankerman,\u2026","rel":"","context":"Con 1 comentario","block_context":{"text":"Con 1 comentario","link":"https:\/\/www.palmacentro.com\/blog\/directorio\/talleres-mecanicos\/#comments"},"img":{"alt_text":"","src":"https:\/\/i0.wp.com\/www.palmacentro.com\/blog\/wp-content\/uploads\/2011\/09\/talleres.jpg?resize=350%2C200","width":350,"height":200,"srcset":"https:\/\/i0.wp.com\/www.palmacentro.com\/blog\/wp-content\/uploads\/2011\/09\/talleres.jpg?resize=350%2C200 1x, https:\/\/i0.wp.com\/www.palmacentro.com\/blog\/wp-content\/uploads\/2011\/09\/talleres.jpg?resize=525%2C300 1.5x, https:\/\/i0.wp.com\/www.palmacentro.com\/blog\/wp-content\/uploads\/2011\/09\/talleres.jpg?resize=700%2C400 2x"},"classes":[]}],"_links":{"self":[{"href":"https:\/\/www.palmacentro.com\/blog\/wp-json\/wp\/v2\/pages\/8233","targetHints":{"allow":["GET"]}}],"collection":[{"href":"https:\/\/www.palmacentro.com\/blog\/wp-json\/wp\/v2\/pages"}],"about":[{"href":"https:\/\/www.palmacentro.com\/blog\/wp-json\/wp\/v2\/types\/page"}],"author":[{"embeddable":true,"href":"https:\/\/www.palmacentro.com\/blog\/wp-json\/wp\/v2\/users\/2"}],"replies":[{"embeddable":true,"href":"https:\/\/www.palmacentro.com\/blog\/wp-json\/wp\/v2\/comments?post=8233"}],"version-history":[{"count":4,"href":"https:\/\/www.palmacentro.com\/blog\/wp-json\/wp\/v2\/pages\/8233\/revisions"}],"predecessor-version":[{"id":8270,"href":"https:\/\/www.palmacentro.com\/blog\/wp-json\/wp\/v2\/pages\/8233\/revisions\/8270"}],"up":[{"embeddable":true,"href":"https:\/\/www.palmacentro.com\/blog\/wp-json\/wp\/v2\/pages\/8122"}],"wp:attachment":[{"href":"https:\/\/www.palmacentro.com\/blog\/wp-json\/wp\/v2\/media?parent=8233"}],"curies":[{"name":"wp","href":"https:\/\/api.w.org\/{rel}","templated":true}]}}