{"id":8249,"date":"2014-01-07T18:22:58","date_gmt":"2014-01-07T16:22:58","guid":{"rendered":"http:\/\/www.palmacentro.com\/blog\/?page_id=8249"},"modified":"2014-01-16T17:31:38","modified_gmt":"2014-01-16T15:31:38","slug":"naturaleza-y-fauna","status":"publish","type":"page","link":"https:\/\/www.palmacentro.com\/blog\/que-ver-en-mallorca\/naturaleza-y-fauna\/","title":{"rendered":"Naturaleza y Fauna"},"content":{"rendered":"<p><a href=\"https:\/\/i0.wp.com\/www.palmacentro.com\/blog\/wp-content\/uploads\/2014\/01\/lagranja1.jpg\"><img data-recalc-dims=\"1\" loading=\"lazy\" decoding=\"async\" data-attachment-id=\"8301\" data-permalink=\"https:\/\/www.palmacentro.com\/blog\/que-ver-en-mallorca\/historia-y-cultura\/lagranja1\/\" data-orig-file=\"https:\/\/i0.wp.com\/www.palmacentro.com\/blog\/wp-content\/uploads\/2014\/01\/lagranja1.jpg?fit=600%2C400&amp;ssl=1\" data-orig-size=\"600,400\" data-comments-opened=\"1\" data-image-meta=\"{&quot;aperture&quot;:&quot;0&quot;,&quot;credit&quot;:&quot;&quot;,&quot;camera&quot;:&quot;&quot;,&quot;caption&quot;:&quot;&quot;,&quot;created_timestamp&quot;:&quot;0&quot;,&quot;copyright&quot;:&quot;&quot;,&quot;focal_length&quot;:&quot;0&quot;,&quot;iso&quot;:&quot;0&quot;,&quot;shutter_speed&quot;:&quot;0&quot;,&quot;title&quot;:&quot;&quot;}\" data-image-title=\"lagranja1\" data-image-description=\"\" data-image-caption=\"\" data-large-file=\"https:\/\/i0.wp.com\/www.palmacentro.com\/blog\/wp-content\/uploads\/2014\/01\/lagranja1.jpg?fit=600%2C400&amp;ssl=1\" class=\"aligncenter size-full wp-image-8301\" alt=\"lagranja1\" src=\"https:\/\/i0.wp.com\/www.palmacentro.com\/blog\/wp-content\/uploads\/2014\/01\/lagranja1.jpg?resize=600%2C400\" width=\"600\" height=\"400\" srcset=\"https:\/\/i0.wp.com\/www.palmacentro.com\/blog\/wp-content\/uploads\/2014\/01\/lagranja1.jpg?w=600&amp;ssl=1 600w, https:\/\/i0.wp.com\/www.palmacentro.com\/blog\/wp-content\/uploads\/2014\/01\/lagranja1.jpg?resize=300%2C200&amp;ssl=1 300w, https:\/\/i0.wp.com\/www.palmacentro.com\/blog\/wp-content\/uploads\/2014\/01\/lagranja1.jpg?resize=150%2C100&amp;ssl=1 150w\" sizes=\"auto, (max-width: 600px) 100vw, 600px\" \/><\/a><\/p>\n<table width=\"588\" border=\"0\" cellspacing=\"0\" cellpadding=\"0\">\n<colgroup>\n<col width=\"588\" \/> <\/colgroup>\n<tbody>\n<tr>\n<td width=\"588\" height=\"20\"><\/td>\n<\/tr>\n<tr>\n<td height=\"20\">Acuario de Mallorca &#8211; Calle Gamb\u00ed, 7 &#8211; Porto Cristo<\/td>\n<\/tr>\n<tr>\n<td height=\"20\"><a href=\"http:\/\/www.botanicactus.com\/index.html\">Botanicactus &#8211; Crta. Ses Salines-Santany\u00ed, km 1, 07640\u00a0 &#8211; Ses Salines\u00a0<\/a><\/td>\n<\/tr>\n<tr>\n<td height=\"20\"><a href=\"http:\/\/www.cuevasdeldrach.com\/\">Cuevas del Drach &#8211; Carretera Cuevas s\/n, 07680 &#8211; Porto Cristo<\/a><\/td>\n<\/tr>\n<tr>\n<td height=\"20\">Fonts Ufanes &#8211;\u00a0 finca de Gabell\u00ed Petit &#8211; Campanet<\/td>\n<\/tr>\n<tr>\n<td height=\"20\"><a href=\"http:\/\/www.jardibotanicdesoller.org\/es\/jbs.php\/quienes_somos\">Jard\u00edn bot\u00e1nico &#8211; Ctra. Palma-Port de S\u00f3ller, Km 30,5 &#8211; S\u00f3ller<\/a><\/td>\n<\/tr>\n<tr>\n<td height=\"20\"><a href=\"http:\/\/www.jardinesdealfabia.com\/\">Jardines de Alf\u00e0bia- Ctra Palma a Soller Km 17 &#8211; Bunyola<\/a><\/td>\n<\/tr>\n<tr>\n<td height=\"20\"><a href=\"http:\/\/www.jungleparc.es\/\">Jungle Parc &#8211; Avd. Jaime, 1 &#8211; 40A &#8211; Santa Ponsa<\/a><\/td>\n<\/tr>\n<tr>\n<td height=\"20\"><a href=\"http:\/\/www.lagranja.net\/\">La Granja de Esporles &#8211; Ctra Banyalbufar, KM 1.5 &#8211; 07190 Esporles<\/a><\/td>\n<\/tr>\n<tr>\n<td height=\"20\"><a href=\"http:\/\/www.lareservamallorca.com\/new\/\">La Reserva Puig de Galatz\u00f3 &#8211; Predio Son Net s\/n ,07194\u00a0 &#8211; Puigpunyent<\/a><\/td>\n<\/tr>\n<tr>\n<td height=\"20\"><a href=\"http:\/\/www.marineland.es\/mallorca\/\">Marineland &#8211; C\/ Garcilaso de la Vega, 9 &#8211; Costa d\u2019en Blanes\u00a0<\/a><\/td>\n<\/tr>\n<tr>\n<td height=\"20\"><a href=\"http:\/\/www.museuciencies.com\/\">Museo ciencias naturales de Costix &#8211; C\/ Rafael Horrach 2, 07144 &#8211; Costitx<\/a><\/td>\n<\/tr>\n<tr>\n<td height=\"20\"><a href=\"http:\/\/www.fundacionaturaparc.org\/frontend\/\">Natura Park &#8211; Carretera de Sineu, km 15.400 ,\u00a0 07142 &#8211; Santa Eug\u00e8nia<\/a><\/td>\n<\/tr>\n<tr>\n<td height=\"20\"><a href=\"http:\/\/astrogea.org\/instrumental\/oam\/visita_oam.htm\">Observatorio Astron\u00f3mico &#8211; Cam\u00ed de l&#8217;Observatori s\/n,\u00a0 07144\u00a0 -Costitx<\/a><\/td>\n<\/tr>\n<tr>\n<td height=\"20\"><a href=\"http:\/\/palmaaquarium.com\/\">Palma Aquarium &#8211;\u00a0 C\/ Manuela de los Herreros i Sor\u00e0 21, 07610 Arenal &#8211; Palma<\/a><\/td>\n<\/tr>\n<tr>\n<td height=\"20\">Parque Nacional Mar\u00edtimo Terrestre de Cabrera -desde La Col\u00f2nia de Sant Jordi y Portopetro<\/td>\n<\/tr>\n<tr>\n<td height=\"20\"><a href=\"http:\/\/www.illesbalears.es\/visbal\/esp\/islasbaleares\/naturaleza2.jsp\">Parque Natural de Cala Mondrag\u00f3 &#8211;\u00a0 carretera de Cala Mondrag\u00f3 s\/n -Santany\u00ed<\/a><\/td>\n<\/tr>\n<tr>\n<td height=\"20\">Parque Natural sa Dragonera &#8211;\u00a0 Salidas desde Sant Elm<\/td>\n<\/tr>\n<tr>\n<td width=\"588\" height=\"20\"><a href=\"http:\/\/www.ranchograndemallorca.com\/\">Rancho Grande &#8211;\u00a0 Ctra Arta -Alcudia KM 13.7, 07458\u00a0 &#8211; Santa Margalida<\/a><\/td>\n<\/tr>\n<tr>\n<td height=\"20\">Reserva natural Albuefera &#8211; Coordenadas 39\u00ba 47&#8242; 49,8&#8243; N &#8211; 3\u00ba 6&#8242; 19,3&#8243; E<\/td>\n<\/tr>\n<tr>\n<td height=\"20\"><a href=\"http:\/\/www.safari-zoo.com\/safari-zoo\/\">Safari Zoo &#8211; Ctra. Porto Cristo &#8211; Son Servera, km 5 07680 &#8211; Porto Cristo<\/a><\/td>\n<\/tr>\n<tr>\n<td height=\"20\">Tropical Park Jumaica &#8211;\u00a0 Ctra Porto Colom a Porto Cristo, Km 4,5 &#8211; Porto Cristo<\/td>\n<\/tr>\n<tr>\n<td height=\"20\">Cueva de G\u00e9nova -Carrer Barranc 45 ,07015 &#8211; Palma<\/td>\n<\/tr>\n<tr>\n<td height=\"20\"><a href=\"http:\/\/www.mesaventura.com\/ca\/\">M\u00e9s Aventura &#8211; Desportes de aventura<\/a><\/td>\n<\/tr>\n<\/tbody>\n<\/table>\n","protected":false},"excerpt":{"rendered":"<p>Acuario de Mallorca &#8211; Calle Gamb\u00ed, 7 &#8211; Porto Cristo Botanicactus &#8211; Crta. Ses Salines-Santany\u00ed, km 1, 07640\u00a0 &#8211; Ses[&#8230;]<\/p>\n","protected":false},"author":2,"featured_media":0,"parent":8122,"menu_order":3,"comment_status":"open","ping_status":"closed","template":"","meta":{"footnotes":""},"class_list":["post-8249","page","type-page","status-publish","hentry"],"jetpack_sharing_enabled":true,"jetpack_shortlink":"https:\/\/wp.me\/P1SDLj-293","jetpack-related-posts":[{"id":8145,"url":"https:\/\/www.palmacentro.com\/blog\/ferias-y-fiestas\/diciembre\/","url_meta":{"origin":8249,"position":0},"title":"Diciembre","author":"PalmaCentro","date":"08\/12\/2013","format":false,"excerpt":"Fecha Lugar Evento Hasta Enero Palma FERIA DE NAVIDAD Y REYES (Plaza Mayor, Rambla, Plaza Espa\u00f1a) 2, 3, 9, 10, 16 y 17 Escorca FERIA DE NAVIDAD 2 Portopetro FERIA DE NAVIDAD 9 Cala Figuera FERIA DE NAVIDAD 9 Cala Millor FIRONET DE NADAL 10 Sineu FERIA DE NAVIDAD 15\u2026","rel":"","context":"Entrada similar","block_context":{"text":"Entrada similar","link":""},"img":{"alt_text":"","src":"","width":0,"height":0},"classes":[]},{"id":8133,"url":"https:\/\/www.palmacentro.com\/blog\/ferias-y-fiestas\/mayo\/","url_meta":{"origin":8249,"position":1},"title":"Mayo","author":"PalmaCentro","date":"08\/12\/2013","format":false,"excerpt":"Fecha Lugar Evento hasta el\u00a02 Palma BOATSHOW (feria n\u00e1utica) 1 Costitx FERIA DE LA JARDINER\u00cdA, FLORISTER\u00cdA Y HORTOFRUCTICULTURA 1 Estellencs FERIA DEL VINO Y DEL QUESO 1 Ses Salines XXIX FIRA ESPECTACLE DEL 1r DE MAIG (artesanal, industrial ycomercial) 1 Sineu FERIA DE MAYO 3 Selva FIRA DE LA CREU\u2026","rel":"","context":"Entrada similar","block_context":{"text":"Entrada similar","link":""},"img":{"alt_text":"","src":"","width":0,"height":0},"classes":[]},{"id":8252,"url":"https:\/\/www.palmacentro.com\/blog\/que-ver-en-mallorca\/spas-y-wellness\/","url_meta":{"origin":8249,"position":2},"title":"Spas y Wellness","author":"Ver\u00f3nica","date":"07\/01\/2014","format":false,"excerpt":"\u00a0 Aigomarina - Carrer Hug de Ribesaltes, 1 - Palma Amb - Carrer Bisbe Massanet, 18 bajos - Palma Aquamar - Carrer Fray Luis de Le\u00f3n, 5 - Palma Balneari Sant Joan de sa Font Santa - Carretera Campos a Col\u00f2nia S. Jordi km.8 - Campos Blau Porto Petro -\u2026","rel":"","context":"Entrada similar","block_context":{"text":"Entrada similar","link":""},"img":{"alt_text":"spas1","src":"https:\/\/i0.wp.com\/www.palmacentro.com\/blog\/wp-content\/uploads\/2014\/01\/spas1.jpg?resize=350%2C200","width":350,"height":200,"srcset":"https:\/\/i0.wp.com\/www.palmacentro.com\/blog\/wp-content\/uploads\/2014\/01\/spas1.jpg?resize=350%2C200 1x, https:\/\/i0.wp.com\/www.palmacentro.com\/blog\/wp-content\/uploads\/2014\/01\/spas1.jpg?resize=525%2C300 1.5x"},"classes":[]},{"id":8254,"url":"https:\/\/www.palmacentro.com\/blog\/que-ver-en-mallorca\/lugares-que-visitar\/","url_meta":{"origin":8249,"position":3},"title":"M\u00e1s para visitar","author":"Ver\u00f3nica","date":"07\/01\/2014","format":false,"excerpt":"Bungee Rocket\u00a0 tirachinas humano - C\/ Punta Balena, 07181 - Magaluf Globos aerost\u00e1ticos Mallorca Balloons \u00a0- Oficina C\/Farallo 4, 07590 - Cala Ratjada Golf fantasia- C\/ Tennis 3, 07181 - Palmanova\u00a0 Karting - Cam\u00ed de Sa Porrassa, s\/n - 07181\u00a0 - Magaluf\u00a0 La Casa de Katmand\u00fa - Avenida Pedro Vaquer\u2026","rel":"","context":"Entrada similar","block_context":{"text":"Entrada similar","link":""},"img":{"alt_text":"OLYMPUS DIGITAL CAMERA","src":"https:\/\/i0.wp.com\/www.palmacentro.com\/blog\/wp-content\/uploads\/2013\/03\/ola-ke-ase.jpg?resize=350%2C200","width":350,"height":200,"srcset":"https:\/\/i0.wp.com\/www.palmacentro.com\/blog\/wp-content\/uploads\/2013\/03\/ola-ke-ase.jpg?resize=350%2C200 1x, https:\/\/i0.wp.com\/www.palmacentro.com\/blog\/wp-content\/uploads\/2013\/03\/ola-ke-ase.jpg?resize=525%2C300 1.5x"},"classes":[]},{"id":8244,"url":"https:\/\/www.palmacentro.com\/blog\/que-ver-en-mallorca\/edificios-y-construcciones-historicas\/","url_meta":{"origin":8249,"position":4},"title":"Construcciones Hist\u00f3ricas","author":"Ver\u00f3nica","date":"07\/01\/2014","format":false,"excerpt":"\u00a0 Abacanto (Casa Solariega hist\u00f3rica) - Camino de Son Nicolau s\/n - 07009 Palma Ba\u00f1os \u00c1rabes -\u00a0 C\/Serra 7 - Palma Can Marqu\u00e8s Contempor\u00e0neo - Calle Zanglada 2 A - 07001 Palma Cartuja de Valldemossa - Pla\u00e7a Cartoixa\u00a0 07170 - Valldemossa Casa Museo Torrents Llad\u00f3 -Carrer Portella 9, 07001\u00a0 -\u2026","rel":"","context":"Con 1 comentario","block_context":{"text":"Con 1 comentario","link":"https:\/\/www.palmacentro.com\/blog\/que-ver-en-mallorca\/edificios-y-construcciones-historicas\/#comments"},"img":{"alt_text":"molino","src":"https:\/\/i0.wp.com\/www.palmacentro.com\/blog\/wp-content\/uploads\/2014\/01\/molino1.jpg?resize=350%2C200","width":350,"height":200,"srcset":"https:\/\/i0.wp.com\/www.palmacentro.com\/blog\/wp-content\/uploads\/2014\/01\/molino1.jpg?resize=350%2C200 1x, https:\/\/i0.wp.com\/www.palmacentro.com\/blog\/wp-content\/uploads\/2014\/01\/molino1.jpg?resize=525%2C300 1.5x"},"classes":[]},{"id":8135,"url":"https:\/\/www.palmacentro.com\/blog\/ferias-y-fiestas\/julio\/","url_meta":{"origin":8249,"position":5},"title":"Julio","author":"PalmaCentro","date":"08\/12\/2013","format":false,"excerpt":"Fecha Lugar Evento 10 \u00a0Porto Cristo \u00a0FERIA NOCTURNA 13 \u00a0Porto Cristo \u00a0XV JORNADA DE COCINA MARINERA 16 \u00a0Portocolom \u00a0FERIA NOCTURNA MARINERA 16 y 17 \u00a0Sa Coma \u00a0NITS MULTICULTURALS DE SA COMA del 16 al 19 \u00a0Son Servera \u00a0FIRONET DEL CARME 24 \u00a0Valldemossa \u00a0ARTDEMOSSA 25 \u00a0Ariany \u00a0XII FERIA NOCTURNA 25 \u00a0Manacor\u2026","rel":"","context":"Entrada similar","block_context":{"text":"Entrada similar","link":""},"img":{"alt_text":"","src":"","width":0,"height":0},"classes":[]}],"_links":{"self":[{"href":"https:\/\/www.palmacentro.com\/blog\/wp-json\/wp\/v2\/pages\/8249","targetHints":{"allow":["GET"]}}],"collection":[{"href":"https:\/\/www.palmacentro.com\/blog\/wp-json\/wp\/v2\/pages"}],"about":[{"href":"https:\/\/www.palmacentro.com\/blog\/wp-json\/wp\/v2\/types\/page"}],"author":[{"embeddable":true,"href":"https:\/\/www.palmacentro.com\/blog\/wp-json\/wp\/v2\/users\/2"}],"replies":[{"embeddable":true,"href":"https:\/\/www.palmacentro.com\/blog\/wp-json\/wp\/v2\/comments?post=8249"}],"version-history":[{"count":3,"href":"https:\/\/www.palmacentro.com\/blog\/wp-json\/wp\/v2\/pages\/8249\/revisions"}],"predecessor-version":[{"id":8365,"href":"https:\/\/www.palmacentro.com\/blog\/wp-json\/wp\/v2\/pages\/8249\/revisions\/8365"}],"up":[{"embeddable":true,"href":"https:\/\/www.palmacentro.com\/blog\/wp-json\/wp\/v2\/pages\/8122"}],"wp:attachment":[{"href":"https:\/\/www.palmacentro.com\/blog\/wp-json\/wp\/v2\/media?parent=8249"}],"curies":[{"name":"wp","href":"https:\/\/api.w.org\/{rel}","templated":true}]}}